{"id":94089,"date":"2025-01-17T15:10:59","date_gmt":"2025-01-17T14:10:59","guid":{"rendered":"https:\/\/cabinetgameiro.fr\/?page_id=94089"},"modified":"2025-01-17T15:16:41","modified_gmt":"2025-01-17T14:16:41","slug":"contatto","status":"publish","type":"page","link":"https:\/\/cabinetgameiro.fr\/index.php\/it\/contatto\/","title":{"rendered":"contatto"},"content":{"rendered":"\t\t<div data-elementor-type=\"wp-page\" data-elementor-id=\"94089\" class=\"elementor elementor-94089\">\n\t\t\t\t<div class=\"elementor-element elementor-element-59d164cb e-flex e-con-boxed wpr-particle-no wpr-jarallax-no wpr-parallax-no wpr-sticky-section-no e-con e-parent\" data-id=\"59d164cb\" data-element_type=\"container\" data-e-type=\"container\">\n\t\t\t\t\t<div class=\"e-con-inner\">\n\t\t<div class=\"elementor-element elementor-element-76e91716 e-con-full e-flex wpr-particle-no wpr-jarallax-no wpr-parallax-no wpr-sticky-section-no e-con e-child\" data-id=\"76e91716\" data-element_type=\"container\" data-e-type=\"container\">\n\t\t<div class=\"elementor-element elementor-element-1a825531 e-con-full cus-hover-eft e-flex wpr-particle-no wpr-jarallax-no wpr-parallax-no wpr-sticky-section-no e-con e-child\" data-id=\"1a825531\" data-element_type=\"container\" data-e-type=\"container\" data-settings=\"{&quot;background_background&quot;:&quot;classic&quot;}\">\n\t\t\t\t<div class=\"elementor-element elementor-element-762f85f9 cea-view-default elementor-widget elementor-widget-ceafeaturebox\" data-id=\"762f85f9\" data-element_type=\"widget\" data-e-type=\"widget\" data-widget_type=\"ceafeaturebox.default\">\n\t\t\t\t<div class=\"elementor-widget-container feature-box-wrapper feature-box-default\">\n\t\t\t<div class=\"feature-box-inner\"><div class=\"fbox-number\">01<\/div><figure class=\"cea-feature-box-img\"><img decoding=\"async\" width=\"64\" height=\"64\" src=\"https:\/\/cabinetgameiro.fr\/wp-content\/uploads\/2024\/06\/global.png\" class=\"attachment-full size-full\" alt=\"\" \/><\/figure><h4 class=\"feature-box-title\">Ambito di intervento<\/h4><div class=\"fbox-content\">Studio di esperti contabili operante a Parigi e nella regione \u00cele-de-France<\/div><\/div>\t\t<\/div>\n\t\t\t\t<\/div>\n\t\t\t\t<\/div>\n\t\t<div class=\"elementor-element elementor-element-734aaf94 e-con-full cus-hover-eft e-flex wpr-particle-no wpr-jarallax-no wpr-parallax-no wpr-sticky-section-no e-con e-child\" data-id=\"734aaf94\" data-element_type=\"container\" data-e-type=\"container\" data-settings=\"{&quot;background_background&quot;:&quot;classic&quot;}\">\n\t\t\t\t<div class=\"elementor-element elementor-element-7b1105ec cea-view-default elementor-widget elementor-widget-ceafeaturebox\" data-id=\"7b1105ec\" data-element_type=\"widget\" data-e-type=\"widget\" data-widget_type=\"ceafeaturebox.default\">\n\t\t\t\t<div class=\"elementor-widget-container feature-box-wrapper feature-box-default\">\n\t\t\t<div class=\"feature-box-inner\"><div class=\"fbox-number\">02<\/div><figure class=\"cea-feature-box-img\"><img decoding=\"async\" width=\"64\" height=\"64\" src=\"https:\/\/cabinetgameiro.fr\/wp-content\/uploads\/2024\/06\/customer-service.png\" class=\"attachment-full size-full\" alt=\"\" \/><\/figure><h4 class=\"feature-box-title\">Contatti<\/h4><div class=\"fbox-content\"><a href=\"tel:+33 1 80 90 49 00\">+33 1 80 90 49 00<\/a>\n<a href=\"mailto:info@cabinetgameiro.fr\">info@cabinetgameiro.fr<\/a><\/div><\/div>\t\t<\/div>\n\t\t\t\t<\/div>\n\t\t\t\t<\/div>\n\t\t<div class=\"elementor-element elementor-element-64fb0ccf e-con-full cus-hover-eft e-flex wpr-particle-no wpr-jarallax-no wpr-parallax-no wpr-sticky-section-no e-con e-child\" data-id=\"64fb0ccf\" data-element_type=\"container\" data-e-type=\"container\" data-settings=\"{&quot;background_background&quot;:&quot;classic&quot;}\">\n\t\t\t\t<div class=\"elementor-element elementor-element-6972837 elementor-widget__width-initial cea-view-default elementor-widget elementor-widget-ceafeaturebox\" data-id=\"6972837\" data-element_type=\"widget\" data-e-type=\"widget\" data-widget_type=\"ceafeaturebox.default\">\n\t\t\t\t<div class=\"elementor-widget-container feature-box-wrapper feature-box-default\">\n\t\t\t<div class=\"feature-box-inner\"><div class=\"fbox-number\">03<\/div><figure class=\"cea-feature-box-img\"><img decoding=\"async\" width=\"64\" height=\"64\" src=\"https:\/\/cabinetgameiro.fr\/wp-content\/uploads\/2024\/06\/times.png\" class=\"attachment-full size-full\" alt=\"\" \/><\/figure><h4 class=\"feature-box-title\">Orari<\/h4><div class=\"fbox-content\"><div class=\"open-hrs\">Luned\u00ec - Venerd\u00ec: <span> 09:00\u201318:00<\/span><br> Sabato - Domenica:<span class=\"theme-color\"> Chiuso<\/span><\/div><\/div><\/div>\t\t<\/div>\n\t\t\t\t<\/div>\n\t\t\t\t<\/div>\n\t\t\t\t<\/div>\n\t\t\t\t\t<\/div>\n\t\t\t\t<\/div>\n\t\t<div class=\"elementor-element elementor-element-1ba2ef58 e-flex e-con-boxed wpr-particle-no wpr-jarallax-no wpr-parallax-no wpr-sticky-section-no e-con e-parent\" data-id=\"1ba2ef58\" data-element_type=\"container\" data-e-type=\"container\">\n\t\t\t\t\t<div class=\"e-con-inner\">\n\t\t<div class=\"elementor-element elementor-element-5317f304 e-flex e-con-boxed wpr-particle-no wpr-jarallax-no wpr-parallax-no wpr-sticky-section-no e-con e-child\" data-id=\"5317f304\" data-element_type=\"container\" data-e-type=\"container\" data-settings=\"{&quot;background_background&quot;:&quot;classic&quot;}\">\n\t\t\t\t\t<div class=\"e-con-inner\">\n\t\t<div class=\"elementor-element elementor-element-13463a2c e-con-full e-flex wpr-particle-no wpr-jarallax-no wpr-parallax-no wpr-sticky-section-no e-con e-child\" data-id=\"13463a2c\" data-element_type=\"container\" data-e-type=\"container\" data-settings=\"{&quot;background_background&quot;:&quot;classic&quot;}\">\n\t\t\t\t<div class=\"elementor-element elementor-element-1bb01192 cea-tablet-align-center cea-align-center elementor-widget elementor-widget-ceasectiontitle\" data-id=\"1bb01192\" data-element_type=\"widget\" data-e-type=\"widget\" data-widget_type=\"ceasectiontitle.default\">\n\t\t\t\t<div class=\"elementor-widget-container\">\n\t\t\t\t\t<div class=\"section-title-wrapper\"><div class=\"title-wrap\"><h3 class=\"section-title\">Contatta<\/h3><\/div><!-- .title-wrap --><div class=\"section-description\"><\/div><!-- .section-description --><\/div><!-- .section-title-wrapper -->\t\t\t\t<\/div>\n\t\t\t\t<\/div>\n\t\t\t\t<div class=\"elementor-element elementor-element-4523daf elementor-widget elementor-widget-wpforms\" data-id=\"4523daf\" data-element_type=\"widget\" data-e-type=\"widget\" data-widget_type=\"wpforms.default\">\n\t\t\t\t<div class=\"elementor-widget-container\">\n\t\t\t\t\t<style id=\"wpforms-css-vars-elementor-widget-4523daf\">\n\t\t\t\t.elementor-widget-wpforms.elementor-element-4523daf {\n\t\t\t\t--wpforms-button-background-color: #2F4F4F;\n--wpforms-button-size-font-size: 20px;\n--wpforms-button-size-height: 48px;\n--wpforms-button-size-padding-h: 20px;\n--wpforms-button-size-margin-top: 15px;\n\t\t\t}\n\t\t\t<\/style><div class=\"wpforms-container wpforms-container-full wpforms-render-modern\" id=\"wpforms-94097\"><form id=\"wpforms-form-94097\" class=\"wpforms-validate wpforms-form wpforms-ajax-form\" data-formid=\"94097\" method=\"post\" enctype=\"multipart\/form-data\" action=\"\/index.php\/wp-json\/wp\/v2\/pages\/94089\" data-token=\"3bb43318c8f6f5e1ef3b2eafe6c7a3d0\" data-token-time=\"1776636482\"><noscript class=\"wpforms-error-noscript\">Veuillez activer JavaScript dans votre navigateur pour remplir ce formulaire.<\/noscript><div id=\"wpforms-error-noscript\" style=\"display: none;\">Veuillez activer JavaScript dans votre navigateur pour remplir ce formulaire.<\/div><div class=\"wpforms-field-container\"><div id=\"wpforms-94097-field_1-container\" class=\"wpforms-field wpforms-field-text\" data-field-id=\"1\"><label class=\"wpforms-field-label\" for=\"wpforms-94097-field_1\">Nome<\/label><input type=\"text\" id=\"wpforms-94097-field_1\" class=\"wpforms-field-large\" name=\"wpforms[fields][1]\" aria-errormessage=\"wpforms-94097-field_1-error\" ><\/div><div id=\"wpforms-94097-field_2-container\" class=\"wpforms-field wpforms-field-number\" data-field-id=\"2\"><label class=\"wpforms-field-label\" for=\"wpforms-94097-field_2\">Telefono<\/label><input type=\"number\" id=\"wpforms-94097-field_2\" class=\"wpforms-field-large\" name=\"wpforms[fields][2]\" step=\"any\" aria-errormessage=\"wpforms-94097-field_2-error\" ><\/div>\t\t<div id=\"wpforms-94097-field_5-container\"\n\t\t\tclass=\"wpforms-field wpforms-field-text\"\n\t\t\tdata-field-type=\"text\"\n\t\t\tdata-field-id=\"5\"\n\t\t\t>\n\t\t\t<label class=\"wpforms-field-label\" for=\"wpforms-94097-field_5\" >Messaggio Telefono Nome<\/label>\n\t\t\t<input type=\"text\" id=\"wpforms-94097-field_5\" class=\"wpforms-field-medium\" name=\"wpforms[fields][5]\" >\n\t\t<\/div>\n\t\t<div id=\"wpforms-94097-field_3-container\" class=\"wpforms-field wpforms-field-email\" data-field-id=\"3\"><label class=\"wpforms-field-label\" for=\"wpforms-94097-field_3\">E-mail <span class=\"wpforms-required-label\" aria-hidden=\"true\">*<\/span><\/label><input type=\"email\" id=\"wpforms-94097-field_3\" class=\"wpforms-field-large wpforms-field-required\" name=\"wpforms[fields][3]\" spellcheck=\"false\" aria-errormessage=\"wpforms-94097-field_3-error\" required><\/div><div id=\"wpforms-94097-field_4-container\" class=\"wpforms-field wpforms-field-textarea\" data-field-id=\"4\"><label class=\"wpforms-field-label\" for=\"wpforms-94097-field_4\">Messaggio<\/label><textarea id=\"wpforms-94097-field_4\" class=\"wpforms-field-medium\" name=\"wpforms[fields][4]\" aria-errormessage=\"wpforms-94097-field_4-error\" ><\/textarea><\/div><script>\n\t\t\t\t( function() {\n\t\t\t\t\tconst style = document.createElement( 'style' );\n\t\t\t\t\tstyle.appendChild( document.createTextNode( '#wpforms-94097-field_5-container { position: absolute !important; overflow: hidden !important; display: inline !important; height: 1px !important; width: 1px !important; z-index: -1000 !important; padding: 0 !important; } #wpforms-94097-field_5-container input { visibility: hidden; } #wpforms-conversational-form-page #wpforms-94097-field_5-container label { counter-increment: none; }' ) );\n\t\t\t\t\tdocument.head.appendChild( style );\n\t\t\t\t\tdocument.currentScript?.remove();\n\t\t\t\t} )();\n\t\t\t<\/script><\/div><!-- .wpforms-field-container --><div class=\"wpforms-recaptcha-container wpforms-is-recaptcha wpforms-is-recaptcha-type-invisible\" ><div class=\"g-recaptcha\" data-sitekey=\"6LfbcJIqAAAAAM6znYxDmHHBgHsvO_YybK_jMeGA\" data-size=\"invisible\"><\/div><\/div><div class=\"wpforms-submit-container\" ><input type=\"hidden\" name=\"wpforms[id]\" value=\"94097\"><input type=\"hidden\" name=\"page_title\" value=\"\"><input type=\"hidden\" name=\"page_url\" value=\"https:\/\/cabinetgameiro.fr\/index.php\/wp-json\/wp\/v2\/pages\/94089\"><input type=\"hidden\" name=\"url_referer\" value=\"\"><button type=\"submit\" name=\"wpforms[submit]\" id=\"wpforms-submit-94097\" class=\"wpforms-submit\" data-alt-text=\"Invia...\" data-submit-text=\"Invia\" aria-live=\"assertive\" value=\"wpforms-submit\">Invia<\/button><img loading=\"lazy\" decoding=\"async\" src=\"https:\/\/cabinetgameiro.fr\/wp-content\/plugins\/wpforms-lite\/assets\/images\/submit-spin.svg\" class=\"wpforms-submit-spinner\" style=\"display: none;\" width=\"26\" height=\"26\" alt=\"Chargement en cours\"><\/div><\/form><\/div>  <!-- .wpforms-container -->\t\t\t\t<\/div>\n\t\t\t\t<\/div>\n\t\t\t\t<\/div>\n\t\t<div class=\"elementor-element elementor-element-710d828d e-flex e-con-boxed wpr-particle-no wpr-jarallax-no wpr-parallax-no wpr-sticky-section-no e-con e-child\" data-id=\"710d828d\" data-element_type=\"container\" data-e-type=\"container\">\n\t\t\t\t\t<div class=\"e-con-inner\">\n\t\t<div class=\"elementor-element elementor-element-69bb496c e-con-full e-flex wpr-particle-no wpr-jarallax-no wpr-parallax-no wpr-sticky-section-no e-con e-child\" data-id=\"69bb496c\" data-element_type=\"container\" data-e-type=\"container\">\n\t\t<div class=\"elementor-element elementor-element-682c8c95 e-con-full e-flex wpr-particle-no wpr-jarallax-no wpr-parallax-no wpr-sticky-section-no e-con e-child\" data-id=\"682c8c95\" data-element_type=\"container\" data-e-type=\"container\">\n\t\t\t\t<div class=\"elementor-element elementor-element-114f795f elementor-widget elementor-widget-google_maps\" data-id=\"114f795f\" data-element_type=\"widget\" data-e-type=\"widget\" data-widget_type=\"google_maps.default\">\n\t\t\t\t<div class=\"elementor-widget-container\">\n\t\t\t\t\t\t\t<div class=\"elementor-custom-embed\">\n\t\t\t<iframe loading=\"lazy\"\n\t\t\t\t\tsrc=\"https:\/\/maps.google.com\/maps?q=Cabinet%20Gameiro%2C%2053%20All.%20de%20Rosny%2C%2093190%20Livry-Gargan%2C%20France&#038;t=m&#038;z=10&#038;output=embed&#038;iwloc=near\"\n\t\t\t\t\ttitle=\"Cabinet Gameiro, 53 All. de Rosny, 93190 Livry-Gargan, France\"\n\t\t\t\t\taria-label=\"Cabinet Gameiro, 53 All. de Rosny, 93190 Livry-Gargan, France\"\n\t\t\t><\/iframe>\n\t\t<\/div>\n\t\t\t\t\t\t<\/div>\n\t\t\t\t<\/div>\n\t\t\t\t<\/div>\n\t\t\t\t<\/div>\n\t\t\t\t\t<\/div>\n\t\t\t\t<\/div>\n\t\t\t\t\t<\/div>\n\t\t\t\t<\/div>\n\t\t\t\t\t<\/div>\n\t\t\t\t<\/div>\n\t\t\t\t<\/div>\n\t\t","protected":false},"excerpt":{"rendered":"<p>01 Ambito di intervento Studio di esperti contabili operante a Parigi e nella regione \u00cele-de-France 02 Contatti +33 1 80 90 49 00 info@cabinetgameiro.fr 03 Orari Luned\u00ec &#8211; Venerd\u00ec: 09:00\u201318:00 Sabato &#8211; Domenica: Chiuso Contatta Veuillez activer JavaScript dans votre navigateur pour remplir ce formulaire.Veuillez activer JavaScript dans votre navigateur pour remplir ce formulaire.NomeTelefonoE-mail *Messaggio Invia<\/p>\n","protected":false},"author":1,"featured_media":0,"parent":0,"menu_order":0,"comment_status":"closed","ping_status":"closed","template":"","meta":{"footnotes":""},"class_list":["post-94089","page","type-page","status-publish","hentry"],"yoast_head":"<!-- This site is optimized with the Yoast SEO plugin v27.3 - https:\/\/yoast.com\/product\/yoast-seo-wordpress\/ -->\n<title>contatto - Cabinet gameiro expert comptable<\/title>\n<meta name=\"robots\" content=\"index, follow, max-snippet:-1, max-image-preview:large, max-video-preview:-1\" \/>\n<link rel=\"canonical\" href=\"https:\/\/cabinetgameiro.fr\/index.php\/it\/contatto\/\" \/>\n<meta property=\"og:locale\" content=\"fr_FR\" \/>\n<meta property=\"og:type\" content=\"article\" \/>\n<meta property=\"og:title\" content=\"contatto - Cabinet gameiro expert comptable\" \/>\n<meta property=\"og:description\" content=\"01 Ambito di intervento Studio di esperti contabili operante a Parigi e nella regione \u00cele-de-France 02 Contatti +33 1 80 90 49 00 info@cabinetgameiro.fr 03 Orari Luned\u00ec &#8211; Venerd\u00ec: 09:00\u201318:00 Sabato &#8211; Domenica: Chiuso Contatta Veuillez activer JavaScript dans votre navigateur pour remplir ce formulaire.Veuillez activer JavaScript dans votre navigateur pour remplir ce formulaire.NomeTelefonoE-mail *Messaggio Invia\" \/>\n<meta property=\"og:url\" content=\"https:\/\/cabinetgameiro.fr\/index.php\/it\/contatto\/\" \/>\n<meta property=\"og:site_name\" content=\"Cabinet gameiro expert comptable\" \/>\n<meta property=\"article:modified_time\" content=\"2025-01-17T14:16:41+00:00\" \/>\n<meta property=\"og:image\" content=\"https:\/\/cabinetgameiro.fr\/wp-content\/uploads\/2024\/06\/global.png\" \/>\n<meta name=\"twitter:card\" content=\"summary_large_image\" \/>\n<meta name=\"twitter:label1\" content=\"Dur\u00e9e de lecture estim\u00e9e\" \/>\n\t<meta name=\"twitter:data1\" content=\"1 minute\" \/>\n<script type=\"application\/ld+json\" class=\"yoast-schema-graph\">{\"@context\":\"https:\\\/\\\/schema.org\",\"@graph\":[{\"@type\":\"WebPage\",\"@id\":\"https:\\\/\\\/cabinetgameiro.fr\\\/index.php\\\/it\\\/contatto\\\/\",\"url\":\"https:\\\/\\\/cabinetgameiro.fr\\\/index.php\\\/it\\\/contatto\\\/\",\"name\":\"contatto - Cabinet gameiro expert comptable\",\"isPartOf\":{\"@id\":\"https:\\\/\\\/cabinetgameiro.fr\\\/#website\"},\"primaryImageOfPage\":{\"@id\":\"https:\\\/\\\/cabinetgameiro.fr\\\/index.php\\\/it\\\/contatto\\\/#primaryimage\"},\"image\":{\"@id\":\"https:\\\/\\\/cabinetgameiro.fr\\\/index.php\\\/it\\\/contatto\\\/#primaryimage\"},\"thumbnailUrl\":\"https:\\\/\\\/cabinetgameiro.fr\\\/wp-content\\\/uploads\\\/2024\\\/06\\\/global.png\",\"datePublished\":\"2025-01-17T14:10:59+00:00\",\"dateModified\":\"2025-01-17T14:16:41+00:00\",\"breadcrumb\":{\"@id\":\"https:\\\/\\\/cabinetgameiro.fr\\\/index.php\\\/it\\\/contatto\\\/#breadcrumb\"},\"inLanguage\":\"fr-FR\",\"potentialAction\":[{\"@type\":\"ReadAction\",\"target\":[\"https:\\\/\\\/cabinetgameiro.fr\\\/index.php\\\/it\\\/contatto\\\/\"]}]},{\"@type\":\"ImageObject\",\"inLanguage\":\"fr-FR\",\"@id\":\"https:\\\/\\\/cabinetgameiro.fr\\\/index.php\\\/it\\\/contatto\\\/#primaryimage\",\"url\":\"https:\\\/\\\/cabinetgameiro.fr\\\/wp-content\\\/uploads\\\/2024\\\/06\\\/global.png\",\"contentUrl\":\"https:\\\/\\\/cabinetgameiro.fr\\\/wp-content\\\/uploads\\\/2024\\\/06\\\/global.png\",\"width\":64,\"height\":64},{\"@type\":\"BreadcrumbList\",\"@id\":\"https:\\\/\\\/cabinetgameiro.fr\\\/index.php\\\/it\\\/contatto\\\/#breadcrumb\",\"itemListElement\":[{\"@type\":\"ListItem\",\"position\":1,\"name\":\"Accueil\",\"item\":\"https:\\\/\\\/cabinetgameiro.fr\\\/\"},{\"@type\":\"ListItem\",\"position\":2,\"name\":\"contatto\"}]},{\"@type\":\"WebSite\",\"@id\":\"https:\\\/\\\/cabinetgameiro.fr\\\/#website\",\"url\":\"https:\\\/\\\/cabinetgameiro.fr\\\/\",\"name\":\"Cabinet gameiro expert comptable\",\"description\":\"\",\"publisher\":{\"@id\":\"https:\\\/\\\/cabinetgameiro.fr\\\/#organization\"},\"potentialAction\":[{\"@type\":\"SearchAction\",\"target\":{\"@type\":\"EntryPoint\",\"urlTemplate\":\"https:\\\/\\\/cabinetgameiro.fr\\\/?s={search_term_string}\"},\"query-input\":{\"@type\":\"PropertyValueSpecification\",\"valueRequired\":true,\"valueName\":\"search_term_string\"}}],\"inLanguage\":\"fr-FR\"},{\"@type\":\"Organization\",\"@id\":\"https:\\\/\\\/cabinetgameiro.fr\\\/#organization\",\"name\":\"Cabinet gameiro expert comptable\",\"url\":\"https:\\\/\\\/cabinetgameiro.fr\\\/\",\"logo\":{\"@type\":\"ImageObject\",\"inLanguage\":\"fr-FR\",\"@id\":\"https:\\\/\\\/cabinetgameiro.fr\\\/#\\\/schema\\\/logo\\\/image\\\/\",\"url\":\"https:\\\/\\\/cabinetgameiro.fr\\\/wp-content\\\/uploads\\\/2024\\\/11\\\/cropped-Logo-Cabinet-Gameiro-carre-noir-720x720-1.png\",\"contentUrl\":\"https:\\\/\\\/cabinetgameiro.fr\\\/wp-content\\\/uploads\\\/2024\\\/11\\\/cropped-Logo-Cabinet-Gameiro-carre-noir-720x720-1.png\",\"width\":512,\"height\":512,\"caption\":\"Cabinet gameiro expert comptable\"},\"image\":{\"@id\":\"https:\\\/\\\/cabinetgameiro.fr\\\/#\\\/schema\\\/logo\\\/image\\\/\"},\"sameAs\":[\"https:\\\/\\\/www.linkedin.com\\\/company\\\/cabinet-gameiro\"]}]}<\/script>\n<!-- \/ Yoast SEO plugin. -->","yoast_head_json":{"title":"contatto - Cabinet gameiro expert comptable","robots":{"index":"index","follow":"follow","max-snippet":"max-snippet:-1","max-image-preview":"max-image-preview:large","max-video-preview":"max-video-preview:-1"},"canonical":"https:\/\/cabinetgameiro.fr\/index.php\/it\/contatto\/","og_locale":"fr_FR","og_type":"article","og_title":"contatto - Cabinet gameiro expert comptable","og_description":"01 Ambito di intervento Studio di esperti contabili operante a Parigi e nella regione \u00cele-de-France 02 Contatti +33 1 80 90 49 00 info@cabinetgameiro.fr 03 Orari Luned\u00ec &#8211; Venerd\u00ec: 09:00\u201318:00 Sabato &#8211; Domenica: Chiuso Contatta Veuillez activer JavaScript dans votre navigateur pour remplir ce formulaire.Veuillez activer JavaScript dans votre navigateur pour remplir ce formulaire.NomeTelefonoE-mail *Messaggio Invia","og_url":"https:\/\/cabinetgameiro.fr\/index.php\/it\/contatto\/","og_site_name":"Cabinet gameiro expert comptable","article_modified_time":"2025-01-17T14:16:41+00:00","og_image":[{"url":"https:\/\/cabinetgameiro.fr\/wp-content\/uploads\/2024\/06\/global.png","type":"","width":"","height":""}],"twitter_card":"summary_large_image","twitter_misc":{"Dur\u00e9e de lecture estim\u00e9e":"1 minute"},"schema":{"@context":"https:\/\/schema.org","@graph":[{"@type":"WebPage","@id":"https:\/\/cabinetgameiro.fr\/index.php\/it\/contatto\/","url":"https:\/\/cabinetgameiro.fr\/index.php\/it\/contatto\/","name":"contatto - Cabinet gameiro expert comptable","isPartOf":{"@id":"https:\/\/cabinetgameiro.fr\/#website"},"primaryImageOfPage":{"@id":"https:\/\/cabinetgameiro.fr\/index.php\/it\/contatto\/#primaryimage"},"image":{"@id":"https:\/\/cabinetgameiro.fr\/index.php\/it\/contatto\/#primaryimage"},"thumbnailUrl":"https:\/\/cabinetgameiro.fr\/wp-content\/uploads\/2024\/06\/global.png","datePublished":"2025-01-17T14:10:59+00:00","dateModified":"2025-01-17T14:16:41+00:00","breadcrumb":{"@id":"https:\/\/cabinetgameiro.fr\/index.php\/it\/contatto\/#breadcrumb"},"inLanguage":"fr-FR","potentialAction":[{"@type":"ReadAction","target":["https:\/\/cabinetgameiro.fr\/index.php\/it\/contatto\/"]}]},{"@type":"ImageObject","inLanguage":"fr-FR","@id":"https:\/\/cabinetgameiro.fr\/index.php\/it\/contatto\/#primaryimage","url":"https:\/\/cabinetgameiro.fr\/wp-content\/uploads\/2024\/06\/global.png","contentUrl":"https:\/\/cabinetgameiro.fr\/wp-content\/uploads\/2024\/06\/global.png","width":64,"height":64},{"@type":"BreadcrumbList","@id":"https:\/\/cabinetgameiro.fr\/index.php\/it\/contatto\/#breadcrumb","itemListElement":[{"@type":"ListItem","position":1,"name":"Accueil","item":"https:\/\/cabinetgameiro.fr\/"},{"@type":"ListItem","position":2,"name":"contatto"}]},{"@type":"WebSite","@id":"https:\/\/cabinetgameiro.fr\/#website","url":"https:\/\/cabinetgameiro.fr\/","name":"Cabinet gameiro expert comptable","description":"","publisher":{"@id":"https:\/\/cabinetgameiro.fr\/#organization"},"potentialAction":[{"@type":"SearchAction","target":{"@type":"EntryPoint","urlTemplate":"https:\/\/cabinetgameiro.fr\/?s={search_term_string}"},"query-input":{"@type":"PropertyValueSpecification","valueRequired":true,"valueName":"search_term_string"}}],"inLanguage":"fr-FR"},{"@type":"Organization","@id":"https:\/\/cabinetgameiro.fr\/#organization","name":"Cabinet gameiro expert comptable","url":"https:\/\/cabinetgameiro.fr\/","logo":{"@type":"ImageObject","inLanguage":"fr-FR","@id":"https:\/\/cabinetgameiro.fr\/#\/schema\/logo\/image\/","url":"https:\/\/cabinetgameiro.fr\/wp-content\/uploads\/2024\/11\/cropped-Logo-Cabinet-Gameiro-carre-noir-720x720-1.png","contentUrl":"https:\/\/cabinetgameiro.fr\/wp-content\/uploads\/2024\/11\/cropped-Logo-Cabinet-Gameiro-carre-noir-720x720-1.png","width":512,"height":512,"caption":"Cabinet gameiro expert comptable"},"image":{"@id":"https:\/\/cabinetgameiro.fr\/#\/schema\/logo\/image\/"},"sameAs":["https:\/\/www.linkedin.com\/company\/cabinet-gameiro"]}]}},"_links":{"self":[{"href":"https:\/\/cabinetgameiro.fr\/index.php\/wp-json\/wp\/v2\/pages\/94089","targetHints":{"allow":["GET"]}}],"collection":[{"href":"https:\/\/cabinetgameiro.fr\/index.php\/wp-json\/wp\/v2\/pages"}],"about":[{"href":"https:\/\/cabinetgameiro.fr\/index.php\/wp-json\/wp\/v2\/types\/page"}],"author":[{"embeddable":true,"href":"https:\/\/cabinetgameiro.fr\/index.php\/wp-json\/wp\/v2\/users\/1"}],"replies":[{"embeddable":true,"href":"https:\/\/cabinetgameiro.fr\/index.php\/wp-json\/wp\/v2\/comments?post=94089"}],"version-history":[{"count":10,"href":"https:\/\/cabinetgameiro.fr\/index.php\/wp-json\/wp\/v2\/pages\/94089\/revisions"}],"predecessor-version":[{"id":94102,"href":"https:\/\/cabinetgameiro.fr\/index.php\/wp-json\/wp\/v2\/pages\/94089\/revisions\/94102"}],"wp:attachment":[{"href":"https:\/\/cabinetgameiro.fr\/index.php\/wp-json\/wp\/v2\/media?parent=94089"}],"curies":[{"name":"wp","href":"https:\/\/api.w.org\/{rel}","templated":true}]}}