{"id":93934,"date":"2025-01-17T09:27:21","date_gmt":"2025-01-17T08:27:21","guid":{"rendered":"https:\/\/cabinetgameiro.fr\/?page_id=93934"},"modified":"2025-01-17T09:28:35","modified_gmt":"2025-01-17T08:28:35","slug":"aviso-legal","status":"publish","type":"page","link":"https:\/\/cabinetgameiro.fr\/index.php\/es\/aviso-legal\/","title":{"rendered":"Aviso legal"},"content":{"rendered":"\t\t<div data-elementor-type=\"wp-page\" data-elementor-id=\"93934\" class=\"elementor elementor-93934\">\n\t\t\t\t<div class=\"elementor-element elementor-element-0de79de e-flex e-con-boxed wpr-particle-no wpr-jarallax-no wpr-parallax-no wpr-sticky-section-no e-con e-parent\" data-id=\"0de79de\" data-element_type=\"container\" data-e-type=\"container\">\n\t\t\t\t\t<div class=\"e-con-inner\">\n\t\t\t\t<div class=\"elementor-element elementor-element-d61f383 elementor-widget elementor-widget-text-editor\" data-id=\"d61f383\" data-element_type=\"widget\" data-e-type=\"widget\" data-widget_type=\"text-editor.default\">\n\t\t\t\t<div class=\"elementor-widget-container\">\n\t\t\t\t\t\t\t\t\t<h1 class=\"big-text\">CABINET GAMEIRO<\/h1>\t\t\t\t\t\t\t\t<\/div>\n\t\t\t\t<\/div>\n\t\t\t\t\t<\/div>\n\t\t\t\t<\/div>\n\t\t<div class=\"elementor-element elementor-element-ea1b8aa e-flex e-con-boxed wpr-particle-no wpr-jarallax-no wpr-parallax-no wpr-sticky-section-no e-con e-parent\" data-id=\"ea1b8aa\" data-element_type=\"container\" data-e-type=\"container\">\n\t\t\t\t\t<div class=\"e-con-inner\">\n\t\t\t\t<div class=\"elementor-element elementor-element-a8d5a68 elementor-widget elementor-widget-text-editor\" data-id=\"a8d5a68\" data-element_type=\"widget\" data-e-type=\"widget\" data-widget_type=\"text-editor.default\">\n\t\t\t\t<div class=\"elementor-widget-container\">\n\t\t\t\t\t\t\t\t\t<h3><strong>1. Informaci\u00f3n general<\/strong><\/h3><ul><li><strong>Direcci\u00f3n:<\/strong> 53 All\u00e9e de Rosny, 93190 Livry-Gargan<\/li><li><strong>Actividad:<\/strong> Actividades contables<\/li><li><strong>Empleados:<\/strong> Al menos 1 empleado (dato 2024)<\/li><li><strong>Fecha de creaci\u00f3n:<\/strong> 17\/02\/2020<\/li><li><strong>Director:<\/strong> Gameiro Christophe<\/li><\/ul><h4><strong>Informaci\u00f3n jur\u00eddica de CABINET GAMEIRO<\/strong><\/h4><ul><li><strong>SIREN:<\/strong> 882 359 946<\/li><li><strong>SIRET (sede):<\/strong> 882 359 946 00010<\/li><li><strong>Forma jur\u00eddica:<\/strong> SARL (Sociedad de responsabilidad limitada)<\/li><li><strong>N\u00famero de IVA:<\/strong> FR96882359946<\/li><li><strong>Registro mercantil (RCS):<\/strong> INSCRITO (en el registro de Bobigny, el 11\/03\/2020)<\/li><li><strong>Registro nacional de empresas (RNE):<\/strong> INSCRITO (el 11\/03\/2020)<\/li><li><strong>N\u00famero RCS:<\/strong> 882 359 946 R.C.S. Bobigny<\/li><li><strong>Capital social:<\/strong> 100.000,00 \u20ac<\/li><\/ul><h4><strong>Actividad del CABINET GAMEIRO<\/strong><\/h4><ul><li><strong>Actividad principal declarada:<\/strong> Auditor\u00eda contable y financiera, Auditor\u00eda legal<\/li><li><strong>C\u00f3digo NAF o APE:<\/strong> 69.20Z (Actividades contables)<\/li><li><strong>Sector de actividad:<\/strong> Actividades contables<\/li><li><strong>Forma de ejercicio:<\/strong> Comercial<\/li><li><strong>Convenio colectivo aplicable:<\/strong> Gabinetes de expertos contables y auditores legales \u2013 IDCC 787<\/li><\/ul><hr \/><h3><strong>2. Propiedad intelectual<\/strong><\/h3><p>El contenido del sitio (textos, im\u00e1genes, gr\u00e1ficos, logotipos, iconos, etc.) es propiedad exclusiva del Gabinete Gameiro o se utiliza con la autorizaci\u00f3n de sus titulares.<br \/>Queda estrictamente prohibida toda reproducci\u00f3n, distribuci\u00f3n, modificaci\u00f3n o uso sin autorizaci\u00f3n previa por escrito, y puede constituir una violaci\u00f3n de los derechos de propiedad intelectual.<\/p><hr \/><h3><strong>3. Limitaci\u00f3n de responsabilidad<\/strong><\/h3><p>El Gabinete Gameiro se esfuerza por proporcionar informaci\u00f3n precisa y actualizada en su sitio, pero no puede garantizar su exhaustividad o relevancia en todo momento.<br \/>En consecuencia, el usuario reconoce que utiliza esta informaci\u00f3n bajo su exclusiva responsabilidad.<\/p><p>El Gabinete Gameiro no se hace responsable de ning\u00fan da\u00f1o directo o indirecto resultante del acceso o uso del sitio, incluidos, entre otros, la p\u00e9rdida de datos o interrupciones en la actividad.<\/p><hr \/><h3><strong>4. Datos personales<\/strong><\/h3><ul><li><p><strong>Responsable del tratamiento:<\/strong> Gabinete Gameiro<br \/>De conformidad con el RGPD y la ley francesa \u00ab\u00a0Inform\u00e1tica y Libertades\u00a0\u00bb, la informaci\u00f3n recopilada a trav\u00e9s del sitio se trata respetando su privacidad.<\/p><\/li><li><p><strong>Finalidad de los datos recopilados:<\/strong> Gesti\u00f3n de solicitudes, contacto con clientes y env\u00edo de informaci\u00f3n.<\/p><\/li><li><p><strong>Derechos de los usuarios:<\/strong><br \/>Tiene derecho a acceder, rectificar y eliminar sus datos personales, as\u00ed como a oponerse a su tratamiento.<br \/>Puede ejercer estos derechos enviando un correo electr\u00f3nico a: <a rel=\"noopener\">info@cabinetgameiro.fr<\/a><\/p><\/li><li><p><strong>Cookies:<\/strong><br \/>El sitio puede utilizar cookies para mejorar la experiencia del usuario. Puede configurar su navegador para rechazar las cookies.<\/p><\/li><\/ul><hr \/><h3><strong>5. Enlaces de hipertexto<\/strong><\/h3><p>El sitio puede contener enlaces a sitios de terceros. El Gabinete Gameiro no se responsabiliza del contenido o de las pr\u00e1cticas de dichos sitios. Estos enlaces se proporcionan \u00fanicamente con fines informativos, y su uso es responsabilidad exclusiva del usuario.<\/p><hr \/><h3><strong>6. Ley aplicable y jurisdicci\u00f3n<\/strong><\/h3><p>El presente aviso legal se rige por la legislaci\u00f3n francesa. En caso de litigio, la competencia exclusiva corresponde a los tribunales de la jurisdicci\u00f3n de la sede social del Gabinete Gameiro, salvo disposici\u00f3n legal en contrario.<\/p><hr \/><h3><strong>Contacto<\/strong><\/h3><p>Para cualquier consulta o solicitud relacionada con el aviso legal, puede contactarnos:<\/p><ul><li><strong>Correo electr\u00f3nico:<\/strong> <a rel=\"noopener\">info@cabinetgameiro.fr<\/a><\/li><li><strong>Tel\u00e9fono:<\/strong> +33 1 80 90 49 00<\/li><li><strong>Direcci\u00f3n postal:<\/strong> Gabinete de auditor\u00eda contable en Livry-Gargan, Francia<\/li><\/ul>\t\t\t\t\t\t\t\t<\/div>\n\t\t\t\t<\/div>\n\t\t\t\t\t<\/div>\n\t\t\t\t<\/div>\n\t\t\t\t<\/div>\n\t\t","protected":false},"excerpt":{"rendered":"<p>CABINET GAMEIRO 1. Informaci\u00f3n general Direcci\u00f3n: 53 All\u00e9e de Rosny, 93190 Livry-Gargan Actividad: Actividades contables Empleados: Al menos 1 empleado (dato 2024) Fecha de creaci\u00f3n: 17\/02\/2020 Director: Gameiro Christophe Informaci\u00f3n jur\u00eddica de CABINET GAMEIRO SIREN: 882 359 946 SIRET (sede): 882 359 946 00010 Forma jur\u00eddica: SARL (Sociedad de responsabilidad limitada) N\u00famero de IVA: FR96882359946 Registro mercantil (RCS): INSCRITO (en el registro de Bobigny, el 11\/03\/2020) Registro nacional de empresas (RNE): INSCRITO (el 11\/03\/2020) N\u00famero RCS: 882 359 946 R.C.S. Bobigny Capital social: 100.000,00 \u20ac Actividad del CABINET GAMEIRO Actividad principal declarada: Auditor\u00eda contable y financiera, Auditor\u00eda legal C\u00f3digo NAF o APE: 69.20Z (Actividades contables) Sector de actividad: Actividades contables Forma de ejercicio: Comercial Convenio colectivo aplicable: Gabinetes de expertos contables y auditores legales \u2013 IDCC 787 2. Propiedad intelectual El contenido del sitio (textos, im\u00e1genes, gr\u00e1ficos, logotipos, iconos, etc.) es propiedad exclusiva del Gabinete Gameiro o se utiliza con la autorizaci\u00f3n de sus titulares.Queda estrictamente prohibida toda reproducci\u00f3n, distribuci\u00f3n, modificaci\u00f3n o uso sin autorizaci\u00f3n previa por escrito, y puede constituir una violaci\u00f3n de los derechos de propiedad intelectual. 3. Limitaci\u00f3n de responsabilidad El Gabinete Gameiro se esfuerza por proporcionar informaci\u00f3n precisa y actualizada en su sitio, pero no puede garantizar su exhaustividad o relevancia en todo momento.En consecuencia, el usuario reconoce que utiliza esta informaci\u00f3n bajo su exclusiva responsabilidad. El Gabinete Gameiro no se hace responsable de ning\u00fan da\u00f1o directo o indirecto resultante del acceso o uso del sitio, incluidos, entre otros, la p\u00e9rdida de datos o interrupciones en la actividad. 4. Datos personales Responsable del tratamiento: Gabinete GameiroDe conformidad con el RGPD y la ley francesa \u00ab\u00a0Inform\u00e1tica y Libertades\u00a0\u00bb, la informaci\u00f3n recopilada a trav\u00e9s del sitio se trata respetando su privacidad. Finalidad de los datos recopilados: Gesti\u00f3n de solicitudes, contacto con clientes y env\u00edo de informaci\u00f3n. Derechos de los usuarios:Tiene derecho a acceder, rectificar y eliminar sus datos personales, as\u00ed como a oponerse a su tratamiento.Puede ejercer estos derechos enviando un correo electr\u00f3nico a: info@cabinetgameiro.fr Cookies:El sitio puede utilizar cookies para mejorar la experiencia del usuario. Puede configurar su navegador para rechazar las cookies. 5. Enlaces de hipertexto El sitio puede contener enlaces a sitios de terceros. El Gabinete Gameiro no se responsabiliza del contenido o de las pr\u00e1cticas de dichos sitios. Estos enlaces se proporcionan \u00fanicamente con fines informativos, y su uso es responsabilidad exclusiva del usuario. 6. Ley aplicable y jurisdicci\u00f3n El presente aviso legal se rige por la legislaci\u00f3n francesa. En caso de litigio, la competencia exclusiva corresponde a los tribunales de la jurisdicci\u00f3n de la sede social del Gabinete Gameiro, salvo disposici\u00f3n legal en contrario. Contacto Para cualquier consulta o solicitud relacionada con el aviso legal, puede contactarnos: Correo electr\u00f3nico: info@cabinetgameiro.fr Tel\u00e9fono: +33 1 80 90 49 00 Direcci\u00f3n postal: Gabinete de auditor\u00eda contable en Livry-Gargan, Francia<\/p>\n","protected":false},"author":1,"featured_media":0,"parent":0,"menu_order":0,"comment_status":"closed","ping_status":"closed","template":"","meta":{"footnotes":""},"class_list":["post-93934","page","type-page","status-publish","hentry"],"yoast_head":"<!-- This site is optimized with the Yoast SEO plugin v27.3 - https:\/\/yoast.com\/product\/yoast-seo-wordpress\/ -->\n<title>Aviso legal - Cabinet gameiro expert comptable<\/title>\n<meta name=\"robots\" content=\"index, follow, max-snippet:-1, max-image-preview:large, max-video-preview:-1\" \/>\n<link rel=\"canonical\" href=\"https:\/\/cabinetgameiro.fr\/index.php\/es\/aviso-legal\/\" \/>\n<meta property=\"og:locale\" content=\"fr_FR\" \/>\n<meta property=\"og:type\" content=\"article\" \/>\n<meta property=\"og:title\" content=\"Aviso legal - Cabinet gameiro expert comptable\" \/>\n<meta property=\"og:description\" content=\"CABINET GAMEIRO 1. Informaci\u00f3n general Direcci\u00f3n: 53 All\u00e9e de Rosny, 93190 Livry-Gargan Actividad: Actividades contables Empleados: Al menos 1 empleado (dato 2024) Fecha de creaci\u00f3n: 17\/02\/2020 Director: Gameiro Christophe Informaci\u00f3n jur\u00eddica de CABINET GAMEIRO SIREN: 882 359 946 SIRET (sede): 882 359 946 00010 Forma jur\u00eddica: SARL (Sociedad de responsabilidad limitada) N\u00famero de IVA: FR96882359946 Registro mercantil (RCS): INSCRITO (en el registro de Bobigny, el 11\/03\/2020) Registro nacional de empresas (RNE): INSCRITO (el 11\/03\/2020) N\u00famero RCS: 882 359 946 R.C.S. Bobigny Capital social: 100.000,00 \u20ac Actividad del CABINET GAMEIRO Actividad principal declarada: Auditor\u00eda contable y financiera, Auditor\u00eda legal C\u00f3digo NAF o APE: 69.20Z (Actividades contables) Sector de actividad: Actividades contables Forma de ejercicio: Comercial Convenio colectivo aplicable: Gabinetes de expertos contables y auditores legales \u2013 IDCC 787 2. Propiedad intelectual El contenido del sitio (textos, im\u00e1genes, gr\u00e1ficos, logotipos, iconos, etc.) es propiedad exclusiva del Gabinete Gameiro o se utiliza con la autorizaci\u00f3n de sus titulares.Queda estrictamente prohibida toda reproducci\u00f3n, distribuci\u00f3n, modificaci\u00f3n o uso sin autorizaci\u00f3n previa por escrito, y puede constituir una violaci\u00f3n de los derechos de propiedad intelectual. 3. Limitaci\u00f3n de responsabilidad El Gabinete Gameiro se esfuerza por proporcionar informaci\u00f3n precisa y actualizada en su sitio, pero no puede garantizar su exhaustividad o relevancia en todo momento.En consecuencia, el usuario reconoce que utiliza esta informaci\u00f3n bajo su exclusiva responsabilidad. El Gabinete Gameiro no se hace responsable de ning\u00fan da\u00f1o directo o indirecto resultante del acceso o uso del sitio, incluidos, entre otros, la p\u00e9rdida de datos o interrupciones en la actividad. 4. Datos personales Responsable del tratamiento: Gabinete GameiroDe conformidad con el RGPD y la ley francesa \u00ab\u00a0Inform\u00e1tica y Libertades\u00a0\u00bb, la informaci\u00f3n recopilada a trav\u00e9s del sitio se trata respetando su privacidad. Finalidad de los datos recopilados: Gesti\u00f3n de solicitudes, contacto con clientes y env\u00edo de informaci\u00f3n. Derechos de los usuarios:Tiene derecho a acceder, rectificar y eliminar sus datos personales, as\u00ed como a oponerse a su tratamiento.Puede ejercer estos derechos enviando un correo electr\u00f3nico a: info@cabinetgameiro.fr Cookies:El sitio puede utilizar cookies para mejorar la experiencia del usuario. Puede configurar su navegador para rechazar las cookies. 5. Enlaces de hipertexto El sitio puede contener enlaces a sitios de terceros. El Gabinete Gameiro no se responsabiliza del contenido o de las pr\u00e1cticas de dichos sitios. Estos enlaces se proporcionan \u00fanicamente con fines informativos, y su uso es responsabilidad exclusiva del usuario. 6. Ley aplicable y jurisdicci\u00f3n El presente aviso legal se rige por la legislaci\u00f3n francesa. En caso de litigio, la competencia exclusiva corresponde a los tribunales de la jurisdicci\u00f3n de la sede social del Gabinete Gameiro, salvo disposici\u00f3n legal en contrario. Contacto Para cualquier consulta o solicitud relacionada con el aviso legal, puede contactarnos: Correo electr\u00f3nico: info@cabinetgameiro.fr Tel\u00e9fono: +33 1 80 90 49 00 Direcci\u00f3n postal: Gabinete de auditor\u00eda contable en Livry-Gargan, Francia\" \/>\n<meta property=\"og:url\" content=\"https:\/\/cabinetgameiro.fr\/index.php\/es\/aviso-legal\/\" \/>\n<meta property=\"og:site_name\" content=\"Cabinet gameiro expert comptable\" \/>\n<meta property=\"article:modified_time\" content=\"2025-01-17T08:28:35+00:00\" \/>\n<meta name=\"twitter:card\" content=\"summary_large_image\" \/>\n<meta name=\"twitter:label1\" content=\"Dur\u00e9e de lecture estim\u00e9e\" \/>\n\t<meta name=\"twitter:data1\" content=\"3 minutes\" \/>\n<script type=\"application\/ld+json\" class=\"yoast-schema-graph\">{\"@context\":\"https:\\\/\\\/schema.org\",\"@graph\":[{\"@type\":\"WebPage\",\"@id\":\"https:\\\/\\\/cabinetgameiro.fr\\\/index.php\\\/es\\\/aviso-legal\\\/\",\"url\":\"https:\\\/\\\/cabinetgameiro.fr\\\/index.php\\\/es\\\/aviso-legal\\\/\",\"name\":\"Aviso legal - Cabinet gameiro expert comptable\",\"isPartOf\":{\"@id\":\"https:\\\/\\\/cabinetgameiro.fr\\\/#website\"},\"datePublished\":\"2025-01-17T08:27:21+00:00\",\"dateModified\":\"2025-01-17T08:28:35+00:00\",\"breadcrumb\":{\"@id\":\"https:\\\/\\\/cabinetgameiro.fr\\\/index.php\\\/es\\\/aviso-legal\\\/#breadcrumb\"},\"inLanguage\":\"fr-FR\",\"potentialAction\":[{\"@type\":\"ReadAction\",\"target\":[\"https:\\\/\\\/cabinetgameiro.fr\\\/index.php\\\/es\\\/aviso-legal\\\/\"]}]},{\"@type\":\"BreadcrumbList\",\"@id\":\"https:\\\/\\\/cabinetgameiro.fr\\\/index.php\\\/es\\\/aviso-legal\\\/#breadcrumb\",\"itemListElement\":[{\"@type\":\"ListItem\",\"position\":1,\"name\":\"Accueil\",\"item\":\"https:\\\/\\\/cabinetgameiro.fr\\\/\"},{\"@type\":\"ListItem\",\"position\":2,\"name\":\"Aviso legal\"}]},{\"@type\":\"WebSite\",\"@id\":\"https:\\\/\\\/cabinetgameiro.fr\\\/#website\",\"url\":\"https:\\\/\\\/cabinetgameiro.fr\\\/\",\"name\":\"Cabinet gameiro expert comptable\",\"description\":\"\",\"publisher\":{\"@id\":\"https:\\\/\\\/cabinetgameiro.fr\\\/#organization\"},\"potentialAction\":[{\"@type\":\"SearchAction\",\"target\":{\"@type\":\"EntryPoint\",\"urlTemplate\":\"https:\\\/\\\/cabinetgameiro.fr\\\/?s={search_term_string}\"},\"query-input\":{\"@type\":\"PropertyValueSpecification\",\"valueRequired\":true,\"valueName\":\"search_term_string\"}}],\"inLanguage\":\"fr-FR\"},{\"@type\":\"Organization\",\"@id\":\"https:\\\/\\\/cabinetgameiro.fr\\\/#organization\",\"name\":\"Cabinet gameiro expert comptable\",\"url\":\"https:\\\/\\\/cabinetgameiro.fr\\\/\",\"logo\":{\"@type\":\"ImageObject\",\"inLanguage\":\"fr-FR\",\"@id\":\"https:\\\/\\\/cabinetgameiro.fr\\\/#\\\/schema\\\/logo\\\/image\\\/\",\"url\":\"https:\\\/\\\/cabinetgameiro.fr\\\/wp-content\\\/uploads\\\/2024\\\/11\\\/cropped-Logo-Cabinet-Gameiro-carre-noir-720x720-1.png\",\"contentUrl\":\"https:\\\/\\\/cabinetgameiro.fr\\\/wp-content\\\/uploads\\\/2024\\\/11\\\/cropped-Logo-Cabinet-Gameiro-carre-noir-720x720-1.png\",\"width\":512,\"height\":512,\"caption\":\"Cabinet gameiro expert comptable\"},\"image\":{\"@id\":\"https:\\\/\\\/cabinetgameiro.fr\\\/#\\\/schema\\\/logo\\\/image\\\/\"},\"sameAs\":[\"https:\\\/\\\/www.linkedin.com\\\/company\\\/cabinet-gameiro\"]}]}<\/script>\n<!-- \/ Yoast SEO plugin. -->","yoast_head_json":{"title":"Aviso legal - Cabinet gameiro expert comptable","robots":{"index":"index","follow":"follow","max-snippet":"max-snippet:-1","max-image-preview":"max-image-preview:large","max-video-preview":"max-video-preview:-1"},"canonical":"https:\/\/cabinetgameiro.fr\/index.php\/es\/aviso-legal\/","og_locale":"fr_FR","og_type":"article","og_title":"Aviso legal - Cabinet gameiro expert comptable","og_description":"CABINET GAMEIRO 1. Informaci\u00f3n general Direcci\u00f3n: 53 All\u00e9e de Rosny, 93190 Livry-Gargan Actividad: Actividades contables Empleados: Al menos 1 empleado (dato 2024) Fecha de creaci\u00f3n: 17\/02\/2020 Director: Gameiro Christophe Informaci\u00f3n jur\u00eddica de CABINET GAMEIRO SIREN: 882 359 946 SIRET (sede): 882 359 946 00010 Forma jur\u00eddica: SARL (Sociedad de responsabilidad limitada) N\u00famero de IVA: FR96882359946 Registro mercantil (RCS): INSCRITO (en el registro de Bobigny, el 11\/03\/2020) Registro nacional de empresas (RNE): INSCRITO (el 11\/03\/2020) N\u00famero RCS: 882 359 946 R.C.S. Bobigny Capital social: 100.000,00 \u20ac Actividad del CABINET GAMEIRO Actividad principal declarada: Auditor\u00eda contable y financiera, Auditor\u00eda legal C\u00f3digo NAF o APE: 69.20Z (Actividades contables) Sector de actividad: Actividades contables Forma de ejercicio: Comercial Convenio colectivo aplicable: Gabinetes de expertos contables y auditores legales \u2013 IDCC 787 2. Propiedad intelectual El contenido del sitio (textos, im\u00e1genes, gr\u00e1ficos, logotipos, iconos, etc.) es propiedad exclusiva del Gabinete Gameiro o se utiliza con la autorizaci\u00f3n de sus titulares.Queda estrictamente prohibida toda reproducci\u00f3n, distribuci\u00f3n, modificaci\u00f3n o uso sin autorizaci\u00f3n previa por escrito, y puede constituir una violaci\u00f3n de los derechos de propiedad intelectual. 3. Limitaci\u00f3n de responsabilidad El Gabinete Gameiro se esfuerza por proporcionar informaci\u00f3n precisa y actualizada en su sitio, pero no puede garantizar su exhaustividad o relevancia en todo momento.En consecuencia, el usuario reconoce que utiliza esta informaci\u00f3n bajo su exclusiva responsabilidad. El Gabinete Gameiro no se hace responsable de ning\u00fan da\u00f1o directo o indirecto resultante del acceso o uso del sitio, incluidos, entre otros, la p\u00e9rdida de datos o interrupciones en la actividad. 4. Datos personales Responsable del tratamiento: Gabinete GameiroDe conformidad con el RGPD y la ley francesa \u00ab\u00a0Inform\u00e1tica y Libertades\u00a0\u00bb, la informaci\u00f3n recopilada a trav\u00e9s del sitio se trata respetando su privacidad. Finalidad de los datos recopilados: Gesti\u00f3n de solicitudes, contacto con clientes y env\u00edo de informaci\u00f3n. Derechos de los usuarios:Tiene derecho a acceder, rectificar y eliminar sus datos personales, as\u00ed como a oponerse a su tratamiento.Puede ejercer estos derechos enviando un correo electr\u00f3nico a: info@cabinetgameiro.fr Cookies:El sitio puede utilizar cookies para mejorar la experiencia del usuario. Puede configurar su navegador para rechazar las cookies. 5. Enlaces de hipertexto El sitio puede contener enlaces a sitios de terceros. El Gabinete Gameiro no se responsabiliza del contenido o de las pr\u00e1cticas de dichos sitios. Estos enlaces se proporcionan \u00fanicamente con fines informativos, y su uso es responsabilidad exclusiva del usuario. 6. Ley aplicable y jurisdicci\u00f3n El presente aviso legal se rige por la legislaci\u00f3n francesa. En caso de litigio, la competencia exclusiva corresponde a los tribunales de la jurisdicci\u00f3n de la sede social del Gabinete Gameiro, salvo disposici\u00f3n legal en contrario. Contacto Para cualquier consulta o solicitud relacionada con el aviso legal, puede contactarnos: Correo electr\u00f3nico: info@cabinetgameiro.fr Tel\u00e9fono: +33 1 80 90 49 00 Direcci\u00f3n postal: Gabinete de auditor\u00eda contable en Livry-Gargan, Francia","og_url":"https:\/\/cabinetgameiro.fr\/index.php\/es\/aviso-legal\/","og_site_name":"Cabinet gameiro expert comptable","article_modified_time":"2025-01-17T08:28:35+00:00","twitter_card":"summary_large_image","twitter_misc":{"Dur\u00e9e de lecture estim\u00e9e":"3 minutes"},"schema":{"@context":"https:\/\/schema.org","@graph":[{"@type":"WebPage","@id":"https:\/\/cabinetgameiro.fr\/index.php\/es\/aviso-legal\/","url":"https:\/\/cabinetgameiro.fr\/index.php\/es\/aviso-legal\/","name":"Aviso legal - Cabinet gameiro expert comptable","isPartOf":{"@id":"https:\/\/cabinetgameiro.fr\/#website"},"datePublished":"2025-01-17T08:27:21+00:00","dateModified":"2025-01-17T08:28:35+00:00","breadcrumb":{"@id":"https:\/\/cabinetgameiro.fr\/index.php\/es\/aviso-legal\/#breadcrumb"},"inLanguage":"fr-FR","potentialAction":[{"@type":"ReadAction","target":["https:\/\/cabinetgameiro.fr\/index.php\/es\/aviso-legal\/"]}]},{"@type":"BreadcrumbList","@id":"https:\/\/cabinetgameiro.fr\/index.php\/es\/aviso-legal\/#breadcrumb","itemListElement":[{"@type":"ListItem","position":1,"name":"Accueil","item":"https:\/\/cabinetgameiro.fr\/"},{"@type":"ListItem","position":2,"name":"Aviso legal"}]},{"@type":"WebSite","@id":"https:\/\/cabinetgameiro.fr\/#website","url":"https:\/\/cabinetgameiro.fr\/","name":"Cabinet gameiro expert comptable","description":"","publisher":{"@id":"https:\/\/cabinetgameiro.fr\/#organization"},"potentialAction":[{"@type":"SearchAction","target":{"@type":"EntryPoint","urlTemplate":"https:\/\/cabinetgameiro.fr\/?s={search_term_string}"},"query-input":{"@type":"PropertyValueSpecification","valueRequired":true,"valueName":"search_term_string"}}],"inLanguage":"fr-FR"},{"@type":"Organization","@id":"https:\/\/cabinetgameiro.fr\/#organization","name":"Cabinet gameiro expert comptable","url":"https:\/\/cabinetgameiro.fr\/","logo":{"@type":"ImageObject","inLanguage":"fr-FR","@id":"https:\/\/cabinetgameiro.fr\/#\/schema\/logo\/image\/","url":"https:\/\/cabinetgameiro.fr\/wp-content\/uploads\/2024\/11\/cropped-Logo-Cabinet-Gameiro-carre-noir-720x720-1.png","contentUrl":"https:\/\/cabinetgameiro.fr\/wp-content\/uploads\/2024\/11\/cropped-Logo-Cabinet-Gameiro-carre-noir-720x720-1.png","width":512,"height":512,"caption":"Cabinet gameiro expert comptable"},"image":{"@id":"https:\/\/cabinetgameiro.fr\/#\/schema\/logo\/image\/"},"sameAs":["https:\/\/www.linkedin.com\/company\/cabinet-gameiro"]}]}},"_links":{"self":[{"href":"https:\/\/cabinetgameiro.fr\/index.php\/wp-json\/wp\/v2\/pages\/93934","targetHints":{"allow":["GET"]}}],"collection":[{"href":"https:\/\/cabinetgameiro.fr\/index.php\/wp-json\/wp\/v2\/pages"}],"about":[{"href":"https:\/\/cabinetgameiro.fr\/index.php\/wp-json\/wp\/v2\/types\/page"}],"author":[{"embeddable":true,"href":"https:\/\/cabinetgameiro.fr\/index.php\/wp-json\/wp\/v2\/users\/1"}],"replies":[{"embeddable":true,"href":"https:\/\/cabinetgameiro.fr\/index.php\/wp-json\/wp\/v2\/comments?post=93934"}],"version-history":[{"count":4,"href":"https:\/\/cabinetgameiro.fr\/index.php\/wp-json\/wp\/v2\/pages\/93934\/revisions"}],"predecessor-version":[{"id":93938,"href":"https:\/\/cabinetgameiro.fr\/index.php\/wp-json\/wp\/v2\/pages\/93934\/revisions\/93938"}],"wp:attachment":[{"href":"https:\/\/cabinetgameiro.fr\/index.php\/wp-json\/wp\/v2\/media?parent=93934"}],"curies":[{"name":"wp","href":"https:\/\/api.w.org\/{rel}","templated":true}]}}