{"id":93909,"date":"2025-01-16T17:26:29","date_gmt":"2025-01-16T16:26:29","guid":{"rendered":"https:\/\/cabinetgameiro.fr\/?page_id=93909"},"modified":"2025-01-16T17:28:05","modified_gmt":"2025-01-16T16:28:05","slug":"politica-de-privacidad","status":"publish","type":"page","link":"https:\/\/cabinetgameiro.fr\/index.php\/es\/politica-de-privacidad\/","title":{"rendered":"Pol\u00edtica de Privacidad"},"content":{"rendered":"\t\t<div data-elementor-type=\"wp-page\" data-elementor-id=\"93909\" class=\"elementor elementor-93909\">\n\t\t\t\t<div class=\"elementor-element elementor-element-83f15b8 e-flex e-con-boxed wpr-particle-no wpr-jarallax-no wpr-parallax-no wpr-sticky-section-no wpr-equal-height-no e-con e-parent\" data-id=\"83f15b8\" data-element_type=\"container\" data-e-type=\"container\">\n\t\t\t\t\t<div class=\"e-con-inner\">\n\t\t\t\t<div class=\"elementor-element elementor-element-991bf5c elementor-widget elementor-widget-heading\" data-id=\"991bf5c\" data-element_type=\"widget\" data-e-type=\"widget\" data-widget_type=\"heading.default\">\n\t\t\t\t<div class=\"elementor-widget-container\">\n\t\t\t\t\t<h2 class=\"elementor-heading-title elementor-size-default\">Pol\u00edtica de Privacidad<\/h2>\t\t\t\t<\/div>\n\t\t\t\t<\/div>\n\t\t\t\t<div class=\"elementor-element elementor-element-03d25ac elementor-widget elementor-widget-text-editor\" data-id=\"03d25ac\" data-element_type=\"widget\" data-e-type=\"widget\" data-widget_type=\"text-editor.default\">\n\t\t\t\t<div class=\"elementor-widget-container\">\n\t\t\t\t\t\t\t\t\t<p>\u00a0<\/p><p><strong>La protecci\u00f3n de sus datos personales es una prioridad para el Gabinete Gameiro<\/strong><br \/>Esta Pol\u00edtica de Privacidad describe c\u00f3mo recopilamos, utilizamos y protegemos su informaci\u00f3n cuando utiliza nuestro sitio web.<\/p><p>Al acceder a nuestro sitio o utilizar nuestros servicios, usted acepta las pr\u00e1cticas descritas en esta pol\u00edtica.<\/p><h3><strong>1. Responsable del tratamiento de los datos<\/strong><\/h3><p>El responsable del tratamiento de los datos es:<br \/><strong>Gabinete Gameiro<\/strong><\/p><ul><li>Direcci\u00f3n postal: Gabinete de asesor\u00eda contable en Livry-Gargan, Francia<\/li><li>Correo electr\u00f3nico: <a rel=\"noopener\">info@cabinetgameiro.fr<\/a><\/li><li>Tel\u00e9fono: +33 1 80 90 49 00<\/li><\/ul><h3><strong>2. Datos recopilados<\/strong><\/h3><p>Recopilamos datos personales \u00fanicamente cuando es necesario, en particular:<\/p><ul><li><strong>Al contactar a trav\u00e9s del sitio web:<\/strong> Nombre, apellidos, correo electr\u00f3nico, tel\u00e9fono y cualquier otra informaci\u00f3n que proporcione en sus mensajes.<\/li><li><strong>Navegaci\u00f3n en el sitio web:<\/strong> Direcci\u00f3n IP, datos de conexi\u00f3n, estad\u00edsticas de navegaci\u00f3n mediante cookies.<\/li><\/ul><h3><strong>3. Finalidades del tratamiento de los datos<\/strong><\/h3><p>Sus datos personales pueden ser utilizados para:<\/p><ul><li>Responder a sus solicitudes a trav\u00e9s de nuestro formulario de contacto.<\/li><li>Mejorar la experiencia del usuario en el sitio web.<\/li><li>Analizar el tr\u00e1fico y el comportamiento de los usuarios para optimizar nuestros servicios.<\/li><li>Cumplir con nuestras obligaciones legales y reglamentarias.<\/li><\/ul><h3><strong>4. Compartici\u00f3n de datos<\/strong><\/h3><p>Sus datos personales nunca se venden ni se comparten con terceros con fines comerciales. No obstante, pueden compartirse con:<\/p><ul><li>Nuestros socios t\u00e9cnicos (proveedor de hosting, proveedores de mantenimiento).<\/li><li>Las autoridades competentes si la ley as\u00ed lo requiere.<\/li><\/ul><h3><strong>5. Cookies y tecnolog\u00edas similares<\/strong><\/h3><p>El sitio utiliza cookies para mejorar su experiencia y analizar la navegaci\u00f3n. Puede aceptar o rechazar estas cookies a trav\u00e9s de la configuraci\u00f3n de su navegador. Los principales tipos de cookies utilizados son:<\/p><ul><li><strong>Cookies necesarias:<\/strong> Esenciales para el correcto funcionamiento del sitio.<\/li><li><strong>Cookies anal\u00edticas:<\/strong> Permiten recopilar estad\u00edsticas an\u00f3nimas.<\/li><\/ul><h3><strong>6. Plazo de conservaci\u00f3n de los datos<\/strong><\/h3><p>Conservamos sus datos \u00fanicamente durante el tiempo necesario para los fines mencionados anteriormente, en cumplimiento con las leyes vigentes. Por ejemplo:<\/p><ul><li><strong>Datos de contacto:<\/strong> 3 a\u00f1os despu\u00e9s del \u00faltimo intercambio.<\/li><li><strong>Cookies:<\/strong> Conforme a las normativas legales (m\u00e1ximo 13 meses).<\/li><\/ul><h3><strong>7. Seguridad de los datos<\/strong><\/h3><p>El Gabinete Gameiro implementa medidas t\u00e9cnicas y organizativas para proteger sus datos contra cualquier acceso no autorizado, p\u00e9rdida, alteraci\u00f3n o destrucci\u00f3n.<\/p><h3><strong>8. Sus derechos<\/strong><\/h3><p>De acuerdo con el RGPD y la legislaci\u00f3n francesa, usted tiene los siguientes derechos:<\/p><ul><li><strong>Acceso:<\/strong> Puede solicitar acceso a sus datos personales.<\/li><li><strong>Rectificaci\u00f3n:<\/strong> Puede solicitar la correcci\u00f3n de datos inexactos.<\/li><li><strong>Eliminaci\u00f3n:<\/strong> Puede solicitar la eliminaci\u00f3n de sus datos (salvo obligaciones legales en contrario).<\/li><li><strong>Oposici\u00f3n:<\/strong> Puede oponerse al uso de sus datos en ciertos casos.<\/li><li><strong>Portabilidad:<\/strong> Puede solicitar recibir sus datos en un formato estructurado.<\/li><\/ul><p>Para ejercer sus derechos, cont\u00e1ctenos a trav\u00e9s de:<\/p><ul><li>Correo electr\u00f3nico: <a rel=\"noopener\">info@cabinetgameiro.fr<\/a><\/li><li>Tel\u00e9fono: +33 1 80 90 49 00<\/li><\/ul><h3><strong>9. Modificaciones de la Pol\u00edtica de Privacidad<\/strong><\/h3><p>Nos reservamos el derecho de modificar esta pol\u00edtica en cualquier momento. Se invita a los usuarios a consultar esta p\u00e1gina regularmente para mantenerse informados sobre posibles actualizaciones.<\/p><h3><strong>Contacto<\/strong><\/h3><p>Para cualquier pregunta relacionada con esta Pol\u00edtica de Privacidad, puede escribirnos a:<\/p><ul><li><strong>Correo electr\u00f3nico:<\/strong> <a rel=\"noopener\">info@cabinetgameiro.fr<\/a><\/li><li><strong>Direcci\u00f3n:<\/strong> Gabinete de asesor\u00eda contable en Livry-Gargan, Francia<\/li><\/ul>\t\t\t\t\t\t\t\t<\/div>\n\t\t\t\t<\/div>\n\t\t\t\t\t<\/div>\n\t\t\t\t<\/div>\n\t\t\t\t<\/div>\n\t\t","protected":false},"excerpt":{"rendered":"<p>Pol\u00edtica de Privacidad \u00a0 La protecci\u00f3n de sus datos personales es una prioridad para el Gabinete GameiroEsta Pol\u00edtica de Privacidad describe c\u00f3mo recopilamos, utilizamos y protegemos su informaci\u00f3n cuando utiliza nuestro sitio web. Al acceder a nuestro sitio o utilizar nuestros servicios, usted acepta las pr\u00e1cticas descritas en esta pol\u00edtica. 1. Responsable del tratamiento de los datos El responsable del tratamiento de los datos es:Gabinete Gameiro Direcci\u00f3n postal: Gabinete de asesor\u00eda contable en Livry-Gargan, Francia Correo electr\u00f3nico: info@cabinetgameiro.fr Tel\u00e9fono: +33 1 80 90 49 00 2. Datos recopilados Recopilamos datos personales \u00fanicamente cuando es necesario, en particular: Al contactar a trav\u00e9s del sitio web: Nombre, apellidos, correo electr\u00f3nico, tel\u00e9fono y cualquier otra informaci\u00f3n que proporcione en sus mensajes. Navegaci\u00f3n en el sitio web: Direcci\u00f3n IP, datos de conexi\u00f3n, estad\u00edsticas de navegaci\u00f3n mediante cookies. 3. Finalidades del tratamiento de los datos Sus datos personales pueden ser utilizados para: Responder a sus solicitudes a trav\u00e9s de nuestro formulario de contacto. Mejorar la experiencia del usuario en el sitio web. Analizar el tr\u00e1fico y el comportamiento de los usuarios para optimizar nuestros servicios. Cumplir con nuestras obligaciones legales y reglamentarias. 4. Compartici\u00f3n de datos Sus datos personales nunca se venden ni se comparten con terceros con fines comerciales. No obstante, pueden compartirse con: Nuestros socios t\u00e9cnicos (proveedor de hosting, proveedores de mantenimiento). Las autoridades competentes si la ley as\u00ed lo requiere. 5. Cookies y tecnolog\u00edas similares El sitio utiliza cookies para mejorar su experiencia y analizar la navegaci\u00f3n. Puede aceptar o rechazar estas cookies a trav\u00e9s de la configuraci\u00f3n de su navegador. Los principales tipos de cookies utilizados son: Cookies necesarias: Esenciales para el correcto funcionamiento del sitio. Cookies anal\u00edticas: Permiten recopilar estad\u00edsticas an\u00f3nimas. 6. Plazo de conservaci\u00f3n de los datos Conservamos sus datos \u00fanicamente durante el tiempo necesario para los fines mencionados anteriormente, en cumplimiento con las leyes vigentes. Por ejemplo: Datos de contacto: 3 a\u00f1os despu\u00e9s del \u00faltimo intercambio. Cookies: Conforme a las normativas legales (m\u00e1ximo 13 meses). 7. Seguridad de los datos El Gabinete Gameiro implementa medidas t\u00e9cnicas y organizativas para proteger sus datos contra cualquier acceso no autorizado, p\u00e9rdida, alteraci\u00f3n o destrucci\u00f3n. 8. Sus derechos De acuerdo con el RGPD y la legislaci\u00f3n francesa, usted tiene los siguientes derechos: Acceso: Puede solicitar acceso a sus datos personales. Rectificaci\u00f3n: Puede solicitar la correcci\u00f3n de datos inexactos. Eliminaci\u00f3n: Puede solicitar la eliminaci\u00f3n de sus datos (salvo obligaciones legales en contrario). Oposici\u00f3n: Puede oponerse al uso de sus datos en ciertos casos. Portabilidad: Puede solicitar recibir sus datos en un formato estructurado. Para ejercer sus derechos, cont\u00e1ctenos a trav\u00e9s de: Correo electr\u00f3nico: info@cabinetgameiro.fr Tel\u00e9fono: +33 1 80 90 49 00 9. Modificaciones de la Pol\u00edtica de Privacidad Nos reservamos el derecho de modificar esta pol\u00edtica en cualquier momento. Se invita a los usuarios a consultar esta p\u00e1gina regularmente para mantenerse informados sobre posibles actualizaciones. Contacto Para cualquier pregunta relacionada con esta Pol\u00edtica de Privacidad, puede escribirnos a: Correo electr\u00f3nico: info@cabinetgameiro.fr Direcci\u00f3n: Gabinete de asesor\u00eda contable en Livry-Gargan, Francia<\/p>\n","protected":false},"author":1,"featured_media":0,"parent":0,"menu_order":0,"comment_status":"closed","ping_status":"closed","template":"","meta":{"footnotes":""},"class_list":["post-93909","page","type-page","status-publish","hentry"],"yoast_head":"<!-- This site is optimized with the Yoast SEO plugin v27.4 - https:\/\/yoast.com\/product\/yoast-seo-wordpress\/ -->\n<title>Pol\u00edtica de Privacidad - Cabinet gameiro expert comptable<\/title>\n<meta name=\"robots\" content=\"index, follow, max-snippet:-1, max-image-preview:large, max-video-preview:-1\" \/>\n<link rel=\"canonical\" href=\"https:\/\/cabinetgameiro.fr\/index.php\/es\/politica-de-privacidad\/\" \/>\n<meta property=\"og:locale\" content=\"fr_FR\" \/>\n<meta property=\"og:type\" content=\"article\" \/>\n<meta property=\"og:title\" content=\"Pol\u00edtica de Privacidad - Cabinet gameiro expert comptable\" \/>\n<meta property=\"og:description\" content=\"Pol\u00edtica de Privacidad \u00a0 La protecci\u00f3n de sus datos personales es una prioridad para el Gabinete GameiroEsta Pol\u00edtica de Privacidad describe c\u00f3mo recopilamos, utilizamos y protegemos su informaci\u00f3n cuando utiliza nuestro sitio web. Al acceder a nuestro sitio o utilizar nuestros servicios, usted acepta las pr\u00e1cticas descritas en esta pol\u00edtica. 1. Responsable del tratamiento de los datos El responsable del tratamiento de los datos es:Gabinete Gameiro Direcci\u00f3n postal: Gabinete de asesor\u00eda contable en Livry-Gargan, Francia Correo electr\u00f3nico: info@cabinetgameiro.fr Tel\u00e9fono: +33 1 80 90 49 00 2. Datos recopilados Recopilamos datos personales \u00fanicamente cuando es necesario, en particular: Al contactar a trav\u00e9s del sitio web: Nombre, apellidos, correo electr\u00f3nico, tel\u00e9fono y cualquier otra informaci\u00f3n que proporcione en sus mensajes. Navegaci\u00f3n en el sitio web: Direcci\u00f3n IP, datos de conexi\u00f3n, estad\u00edsticas de navegaci\u00f3n mediante cookies. 3. Finalidades del tratamiento de los datos Sus datos personales pueden ser utilizados para: Responder a sus solicitudes a trav\u00e9s de nuestro formulario de contacto. Mejorar la experiencia del usuario en el sitio web. Analizar el tr\u00e1fico y el comportamiento de los usuarios para optimizar nuestros servicios. Cumplir con nuestras obligaciones legales y reglamentarias. 4. Compartici\u00f3n de datos Sus datos personales nunca se venden ni se comparten con terceros con fines comerciales. No obstante, pueden compartirse con: Nuestros socios t\u00e9cnicos (proveedor de hosting, proveedores de mantenimiento). Las autoridades competentes si la ley as\u00ed lo requiere. 5. Cookies y tecnolog\u00edas similares El sitio utiliza cookies para mejorar su experiencia y analizar la navegaci\u00f3n. Puede aceptar o rechazar estas cookies a trav\u00e9s de la configuraci\u00f3n de su navegador. Los principales tipos de cookies utilizados son: Cookies necesarias: Esenciales para el correcto funcionamiento del sitio. Cookies anal\u00edticas: Permiten recopilar estad\u00edsticas an\u00f3nimas. 6. Plazo de conservaci\u00f3n de los datos Conservamos sus datos \u00fanicamente durante el tiempo necesario para los fines mencionados anteriormente, en cumplimiento con las leyes vigentes. Por ejemplo: Datos de contacto: 3 a\u00f1os despu\u00e9s del \u00faltimo intercambio. Cookies: Conforme a las normativas legales (m\u00e1ximo 13 meses). 7. Seguridad de los datos El Gabinete Gameiro implementa medidas t\u00e9cnicas y organizativas para proteger sus datos contra cualquier acceso no autorizado, p\u00e9rdida, alteraci\u00f3n o destrucci\u00f3n. 8. Sus derechos De acuerdo con el RGPD y la legislaci\u00f3n francesa, usted tiene los siguientes derechos: Acceso: Puede solicitar acceso a sus datos personales. Rectificaci\u00f3n: Puede solicitar la correcci\u00f3n de datos inexactos. Eliminaci\u00f3n: Puede solicitar la eliminaci\u00f3n de sus datos (salvo obligaciones legales en contrario). Oposici\u00f3n: Puede oponerse al uso de sus datos en ciertos casos. Portabilidad: Puede solicitar recibir sus datos en un formato estructurado. Para ejercer sus derechos, cont\u00e1ctenos a trav\u00e9s de: Correo electr\u00f3nico: info@cabinetgameiro.fr Tel\u00e9fono: +33 1 80 90 49 00 9. Modificaciones de la Pol\u00edtica de Privacidad Nos reservamos el derecho de modificar esta pol\u00edtica en cualquier momento. Se invita a los usuarios a consultar esta p\u00e1gina regularmente para mantenerse informados sobre posibles actualizaciones. Contacto Para cualquier pregunta relacionada con esta Pol\u00edtica de Privacidad, puede escribirnos a: Correo electr\u00f3nico: info@cabinetgameiro.fr Direcci\u00f3n: Gabinete de asesor\u00eda contable en Livry-Gargan, Francia\" \/>\n<meta property=\"og:url\" content=\"https:\/\/cabinetgameiro.fr\/index.php\/es\/politica-de-privacidad\/\" \/>\n<meta property=\"og:site_name\" content=\"Cabinet gameiro expert comptable\" \/>\n<meta property=\"article:modified_time\" content=\"2025-01-16T16:28:05+00:00\" \/>\n<meta name=\"twitter:card\" content=\"summary_large_image\" \/>\n<meta name=\"twitter:label1\" content=\"Dur\u00e9e de lecture estim\u00e9e\" \/>\n\t<meta name=\"twitter:data1\" content=\"3 minutes\" \/>\n<script type=\"application\/ld+json\" class=\"yoast-schema-graph\">{\"@context\":\"https:\\\/\\\/schema.org\",\"@graph\":[{\"@type\":\"WebPage\",\"@id\":\"https:\\\/\\\/cabinetgameiro.fr\\\/index.php\\\/es\\\/politica-de-privacidad\\\/\",\"url\":\"https:\\\/\\\/cabinetgameiro.fr\\\/index.php\\\/es\\\/politica-de-privacidad\\\/\",\"name\":\"Pol\u00edtica de Privacidad - Cabinet gameiro expert comptable\",\"isPartOf\":{\"@id\":\"https:\\\/\\\/cabinetgameiro.fr\\\/#website\"},\"datePublished\":\"2025-01-16T16:26:29+00:00\",\"dateModified\":\"2025-01-16T16:28:05+00:00\",\"breadcrumb\":{\"@id\":\"https:\\\/\\\/cabinetgameiro.fr\\\/index.php\\\/es\\\/politica-de-privacidad\\\/#breadcrumb\"},\"inLanguage\":\"fr-FR\",\"potentialAction\":[{\"@type\":\"ReadAction\",\"target\":[\"https:\\\/\\\/cabinetgameiro.fr\\\/index.php\\\/es\\\/politica-de-privacidad\\\/\"]}]},{\"@type\":\"BreadcrumbList\",\"@id\":\"https:\\\/\\\/cabinetgameiro.fr\\\/index.php\\\/es\\\/politica-de-privacidad\\\/#breadcrumb\",\"itemListElement\":[{\"@type\":\"ListItem\",\"position\":1,\"name\":\"Accueil\",\"item\":\"https:\\\/\\\/cabinetgameiro.fr\\\/\"},{\"@type\":\"ListItem\",\"position\":2,\"name\":\"Pol\u00edtica de Privacidad\"}]},{\"@type\":\"WebSite\",\"@id\":\"https:\\\/\\\/cabinetgameiro.fr\\\/#website\",\"url\":\"https:\\\/\\\/cabinetgameiro.fr\\\/\",\"name\":\"Cabinet gameiro expert comptable\",\"description\":\"\",\"publisher\":{\"@id\":\"https:\\\/\\\/cabinetgameiro.fr\\\/#organization\"},\"potentialAction\":[{\"@type\":\"SearchAction\",\"target\":{\"@type\":\"EntryPoint\",\"urlTemplate\":\"https:\\\/\\\/cabinetgameiro.fr\\\/?s={search_term_string}\"},\"query-input\":{\"@type\":\"PropertyValueSpecification\",\"valueRequired\":true,\"valueName\":\"search_term_string\"}}],\"inLanguage\":\"fr-FR\"},{\"@type\":\"Organization\",\"@id\":\"https:\\\/\\\/cabinetgameiro.fr\\\/#organization\",\"name\":\"Cabinet gameiro expert comptable\",\"url\":\"https:\\\/\\\/cabinetgameiro.fr\\\/\",\"logo\":{\"@type\":\"ImageObject\",\"inLanguage\":\"fr-FR\",\"@id\":\"https:\\\/\\\/cabinetgameiro.fr\\\/#\\\/schema\\\/logo\\\/image\\\/\",\"url\":\"https:\\\/\\\/cabinetgameiro.fr\\\/wp-content\\\/uploads\\\/2024\\\/11\\\/cropped-Logo-Cabinet-Gameiro-carre-noir-720x720-1.png\",\"contentUrl\":\"https:\\\/\\\/cabinetgameiro.fr\\\/wp-content\\\/uploads\\\/2024\\\/11\\\/cropped-Logo-Cabinet-Gameiro-carre-noir-720x720-1.png\",\"width\":512,\"height\":512,\"caption\":\"Cabinet gameiro expert comptable\"},\"image\":{\"@id\":\"https:\\\/\\\/cabinetgameiro.fr\\\/#\\\/schema\\\/logo\\\/image\\\/\"},\"sameAs\":[\"https:\\\/\\\/www.linkedin.com\\\/company\\\/cabinet-gameiro\"]}]}<\/script>\n<!-- \/ Yoast SEO plugin. -->","yoast_head_json":{"title":"Pol\u00edtica de Privacidad - Cabinet gameiro expert comptable","robots":{"index":"index","follow":"follow","max-snippet":"max-snippet:-1","max-image-preview":"max-image-preview:large","max-video-preview":"max-video-preview:-1"},"canonical":"https:\/\/cabinetgameiro.fr\/index.php\/es\/politica-de-privacidad\/","og_locale":"fr_FR","og_type":"article","og_title":"Pol\u00edtica de Privacidad - Cabinet gameiro expert comptable","og_description":"Pol\u00edtica de Privacidad \u00a0 La protecci\u00f3n de sus datos personales es una prioridad para el Gabinete GameiroEsta Pol\u00edtica de Privacidad describe c\u00f3mo recopilamos, utilizamos y protegemos su informaci\u00f3n cuando utiliza nuestro sitio web. Al acceder a nuestro sitio o utilizar nuestros servicios, usted acepta las pr\u00e1cticas descritas en esta pol\u00edtica. 1. Responsable del tratamiento de los datos El responsable del tratamiento de los datos es:Gabinete Gameiro Direcci\u00f3n postal: Gabinete de asesor\u00eda contable en Livry-Gargan, Francia Correo electr\u00f3nico: info@cabinetgameiro.fr Tel\u00e9fono: +33 1 80 90 49 00 2. Datos recopilados Recopilamos datos personales \u00fanicamente cuando es necesario, en particular: Al contactar a trav\u00e9s del sitio web: Nombre, apellidos, correo electr\u00f3nico, tel\u00e9fono y cualquier otra informaci\u00f3n que proporcione en sus mensajes. Navegaci\u00f3n en el sitio web: Direcci\u00f3n IP, datos de conexi\u00f3n, estad\u00edsticas de navegaci\u00f3n mediante cookies. 3. Finalidades del tratamiento de los datos Sus datos personales pueden ser utilizados para: Responder a sus solicitudes a trav\u00e9s de nuestro formulario de contacto. Mejorar la experiencia del usuario en el sitio web. Analizar el tr\u00e1fico y el comportamiento de los usuarios para optimizar nuestros servicios. Cumplir con nuestras obligaciones legales y reglamentarias. 4. Compartici\u00f3n de datos Sus datos personales nunca se venden ni se comparten con terceros con fines comerciales. No obstante, pueden compartirse con: Nuestros socios t\u00e9cnicos (proveedor de hosting, proveedores de mantenimiento). Las autoridades competentes si la ley as\u00ed lo requiere. 5. Cookies y tecnolog\u00edas similares El sitio utiliza cookies para mejorar su experiencia y analizar la navegaci\u00f3n. Puede aceptar o rechazar estas cookies a trav\u00e9s de la configuraci\u00f3n de su navegador. Los principales tipos de cookies utilizados son: Cookies necesarias: Esenciales para el correcto funcionamiento del sitio. Cookies anal\u00edticas: Permiten recopilar estad\u00edsticas an\u00f3nimas. 6. Plazo de conservaci\u00f3n de los datos Conservamos sus datos \u00fanicamente durante el tiempo necesario para los fines mencionados anteriormente, en cumplimiento con las leyes vigentes. Por ejemplo: Datos de contacto: 3 a\u00f1os despu\u00e9s del \u00faltimo intercambio. Cookies: Conforme a las normativas legales (m\u00e1ximo 13 meses). 7. Seguridad de los datos El Gabinete Gameiro implementa medidas t\u00e9cnicas y organizativas para proteger sus datos contra cualquier acceso no autorizado, p\u00e9rdida, alteraci\u00f3n o destrucci\u00f3n. 8. Sus derechos De acuerdo con el RGPD y la legislaci\u00f3n francesa, usted tiene los siguientes derechos: Acceso: Puede solicitar acceso a sus datos personales. Rectificaci\u00f3n: Puede solicitar la correcci\u00f3n de datos inexactos. Eliminaci\u00f3n: Puede solicitar la eliminaci\u00f3n de sus datos (salvo obligaciones legales en contrario). Oposici\u00f3n: Puede oponerse al uso de sus datos en ciertos casos. Portabilidad: Puede solicitar recibir sus datos en un formato estructurado. Para ejercer sus derechos, cont\u00e1ctenos a trav\u00e9s de: Correo electr\u00f3nico: info@cabinetgameiro.fr Tel\u00e9fono: +33 1 80 90 49 00 9. Modificaciones de la Pol\u00edtica de Privacidad Nos reservamos el derecho de modificar esta pol\u00edtica en cualquier momento. Se invita a los usuarios a consultar esta p\u00e1gina regularmente para mantenerse informados sobre posibles actualizaciones. Contacto Para cualquier pregunta relacionada con esta Pol\u00edtica de Privacidad, puede escribirnos a: Correo electr\u00f3nico: info@cabinetgameiro.fr Direcci\u00f3n: Gabinete de asesor\u00eda contable en Livry-Gargan, Francia","og_url":"https:\/\/cabinetgameiro.fr\/index.php\/es\/politica-de-privacidad\/","og_site_name":"Cabinet gameiro expert comptable","article_modified_time":"2025-01-16T16:28:05+00:00","twitter_card":"summary_large_image","twitter_misc":{"Dur\u00e9e de lecture estim\u00e9e":"3 minutes"},"schema":{"@context":"https:\/\/schema.org","@graph":[{"@type":"WebPage","@id":"https:\/\/cabinetgameiro.fr\/index.php\/es\/politica-de-privacidad\/","url":"https:\/\/cabinetgameiro.fr\/index.php\/es\/politica-de-privacidad\/","name":"Pol\u00edtica de Privacidad - Cabinet gameiro expert comptable","isPartOf":{"@id":"https:\/\/cabinetgameiro.fr\/#website"},"datePublished":"2025-01-16T16:26:29+00:00","dateModified":"2025-01-16T16:28:05+00:00","breadcrumb":{"@id":"https:\/\/cabinetgameiro.fr\/index.php\/es\/politica-de-privacidad\/#breadcrumb"},"inLanguage":"fr-FR","potentialAction":[{"@type":"ReadAction","target":["https:\/\/cabinetgameiro.fr\/index.php\/es\/politica-de-privacidad\/"]}]},{"@type":"BreadcrumbList","@id":"https:\/\/cabinetgameiro.fr\/index.php\/es\/politica-de-privacidad\/#breadcrumb","itemListElement":[{"@type":"ListItem","position":1,"name":"Accueil","item":"https:\/\/cabinetgameiro.fr\/"},{"@type":"ListItem","position":2,"name":"Pol\u00edtica de Privacidad"}]},{"@type":"WebSite","@id":"https:\/\/cabinetgameiro.fr\/#website","url":"https:\/\/cabinetgameiro.fr\/","name":"Cabinet gameiro expert comptable","description":"","publisher":{"@id":"https:\/\/cabinetgameiro.fr\/#organization"},"potentialAction":[{"@type":"SearchAction","target":{"@type":"EntryPoint","urlTemplate":"https:\/\/cabinetgameiro.fr\/?s={search_term_string}"},"query-input":{"@type":"PropertyValueSpecification","valueRequired":true,"valueName":"search_term_string"}}],"inLanguage":"fr-FR"},{"@type":"Organization","@id":"https:\/\/cabinetgameiro.fr\/#organization","name":"Cabinet gameiro expert comptable","url":"https:\/\/cabinetgameiro.fr\/","logo":{"@type":"ImageObject","inLanguage":"fr-FR","@id":"https:\/\/cabinetgameiro.fr\/#\/schema\/logo\/image\/","url":"https:\/\/cabinetgameiro.fr\/wp-content\/uploads\/2024\/11\/cropped-Logo-Cabinet-Gameiro-carre-noir-720x720-1.png","contentUrl":"https:\/\/cabinetgameiro.fr\/wp-content\/uploads\/2024\/11\/cropped-Logo-Cabinet-Gameiro-carre-noir-720x720-1.png","width":512,"height":512,"caption":"Cabinet gameiro expert comptable"},"image":{"@id":"https:\/\/cabinetgameiro.fr\/#\/schema\/logo\/image\/"},"sameAs":["https:\/\/www.linkedin.com\/company\/cabinet-gameiro"]}]}},"_links":{"self":[{"href":"https:\/\/cabinetgameiro.fr\/index.php\/wp-json\/wp\/v2\/pages\/93909","targetHints":{"allow":["GET"]}}],"collection":[{"href":"https:\/\/cabinetgameiro.fr\/index.php\/wp-json\/wp\/v2\/pages"}],"about":[{"href":"https:\/\/cabinetgameiro.fr\/index.php\/wp-json\/wp\/v2\/types\/page"}],"author":[{"embeddable":true,"href":"https:\/\/cabinetgameiro.fr\/index.php\/wp-json\/wp\/v2\/users\/1"}],"replies":[{"embeddable":true,"href":"https:\/\/cabinetgameiro.fr\/index.php\/wp-json\/wp\/v2\/comments?post=93909"}],"version-history":[{"count":10,"href":"https:\/\/cabinetgameiro.fr\/index.php\/wp-json\/wp\/v2\/pages\/93909\/revisions"}],"predecessor-version":[{"id":93919,"href":"https:\/\/cabinetgameiro.fr\/index.php\/wp-json\/wp\/v2\/pages\/93909\/revisions\/93919"}],"wp:attachment":[{"href":"https:\/\/cabinetgameiro.fr\/index.php\/wp-json\/wp\/v2\/media?parent=93909"}],"curies":[{"name":"wp","href":"https:\/\/api.w.org\/{rel}","templated":true}]}}