{"id":92958,"date":"2024-12-09T11:36:46","date_gmt":"2024-12-09T10:36:46","guid":{"rendered":"https:\/\/cabinetgameiro.fr\/?page_id=92958"},"modified":"2024-12-09T11:38:59","modified_gmt":"2024-12-09T10:38:59","slug":"politique-relative-aux-cookies","status":"publish","type":"page","link":"https:\/\/cabinetgameiro.fr\/index.php\/politique-relative-aux-cookies\/","title":{"rendered":"Politique relative aux Cookies"},"content":{"rendered":"\t\t<div data-elementor-type=\"wp-page\" data-elementor-id=\"92958\" class=\"elementor elementor-92958\">\n\t\t\t\t<div class=\"elementor-element elementor-element-a688468 e-flex e-con-boxed wpr-particle-no wpr-jarallax-no wpr-parallax-no wpr-sticky-section-no wpr-equal-height-no e-con e-parent\" data-id=\"a688468\" data-element_type=\"container\" data-e-type=\"container\">\n\t\t\t\t\t<div class=\"e-con-inner\">\n\t\t\t\t<div class=\"elementor-element elementor-element-296c16ec elementor-widget elementor-widget-text-editor\" data-id=\"296c16ec\" data-element_type=\"widget\" data-e-type=\"widget\" data-widget_type=\"text-editor.default\">\n\t\t\t\t<div class=\"elementor-widget-container\">\n\t\t\t\t\t\t\t\t\t\n<h4 class=\"wp-block-heading\"><\/h4>\n\n\n\n<p><\/p>\n\t\t\t\t\t\t\t\t<\/div>\n\t\t\t\t<\/div>\n\t\t\t\t\t<\/div>\n\t\t\t\t<\/div>\n\t\t<div class=\"elementor-element elementor-element-e9306ad e-flex e-con-boxed wpr-particle-no wpr-jarallax-no wpr-parallax-no wpr-sticky-section-no wpr-equal-height-no e-con e-parent\" data-id=\"e9306ad\" data-element_type=\"container\" data-e-type=\"container\">\n\t\t\t\t\t<div class=\"e-con-inner\">\n\t\t\t\t<div class=\"elementor-element elementor-element-6966a74 elementor-widget elementor-widget-text-editor\" data-id=\"6966a74\" data-element_type=\"widget\" data-e-type=\"widget\" data-widget_type=\"text-editor.default\">\n\t\t\t\t<div class=\"elementor-widget-container\">\n\t\t\t\t\t\t\t\t\t<h2>1. Introduction<\/h2>\n<p>Le site du Cabinet Gameiro utilise des cookies pour am\u00e9liorer votre exp\u00e9rience de navigation et pour analyser l&rsquo;utilisation du site. Cette politique explique ce que sont les cookies, leur utilit\u00e9, et comment vous pouvez les g\u00e9rer ou les d\u00e9sactiver.<\/p>\n<hr \/>\n<h2><strong>2. Qu\u2019est-ce qu\u2019un cookie ?<\/strong><\/h2>\n<p>Un cookie est un petit fichier texte stock\u00e9 sur votre appareil (ordinateur, smartphone, tablette) lors de la visite d\u2019un site web. Ils permettent de conserver des informations sur votre navigation pour personnaliser et am\u00e9liorer votre exp\u00e9rience.<\/p>\n<hr \/>\n<h2><strong>3. Types de cookies utilis\u00e9s<\/strong><\/h2>\n<p>Le Cabinet Gameiro utilise les cat\u00e9gories de cookies suivantes :<\/p>\n<ol>\n<li>\n<p><strong>Cookies strictement n\u00e9cessaires<\/strong><\/p>\n<ul>\n<li>Ils sont essentiels au bon fonctionnement du site. Sans eux, certaines fonctionnalit\u00e9s ne seraient pas accessibles (par exemple, la navigation s\u00e9curis\u00e9e).<\/li>\n<\/ul>\n<\/li>\n<li>\n<p><strong>Cookies analytiques et de performance<\/strong><\/p>\n<ul>\n<li>Ces cookies nous aident \u00e0 comprendre comment les visiteurs interagissent avec le site (par exemple, les pages les plus visit\u00e9es). Les donn\u00e9es collect\u00e9es sont anonymes.<\/li>\n<\/ul>\n<\/li>\n<li>\n<p><strong>Cookies fonctionnels<\/strong><\/p>\n<ul>\n<li>Ils permettent de m\u00e9moriser vos choix et pr\u00e9f\u00e9rences (langue, param\u00e8tres de connexion) pour am\u00e9liorer votre exp\u00e9rience utilisateur.<\/li>\n<\/ul>\n<\/li>\n<li>\n<p><strong>Cookies publicitaires et tiers<\/strong><\/p>\n<ul>\n<li>Ces cookies sont utilis\u00e9s pour vous proposer des publicit\u00e9s pertinentes et pour mesurer leur efficacit\u00e9. Le site peut contenir des cookies de tiers (comme des outils de r\u00e9seaux sociaux).<\/li>\n<\/ul>\n<\/li>\n<\/ol>\n<hr \/>\n<h2><strong>4. Pourquoi utilisons-nous des cookies ?<\/strong><\/h2>\n<ul>\n<li><strong>Am\u00e9liorer l\u2019exp\u00e9rience utilisateur.<\/strong><\/li>\n<li><strong>Analyser et optimiser les performances du site.<\/strong><\/li>\n<li><strong>Assurer le bon fonctionnement des services.<\/strong><\/li>\n<li><strong>Personnaliser les contenus et les publicit\u00e9s.<\/strong><\/li>\n<\/ul>\n<hr \/>\n<h2><strong>5. Gestion des cookies<\/strong><\/h2>\n<p>Vous pouvez g\u00e9rer vos pr\u00e9f\u00e9rences en mati\u00e8re de cookies \u00e0 tout moment :<\/p>\n<ol>\n<li>\n<p><strong>Via les param\u00e8tres de votre navigateur<\/strong><\/p>\n<ul>\n<li>Vous pouvez configurer votre navigateur pour accepter ou refuser les cookies, ou pour \u00eatre alert\u00e9 lorsque des cookies sont d\u00e9pos\u00e9s. Voici des liens vers les guides des navigateurs les plus courants :\n<ul>\n<li><a target=\"_new\" rel=\"noopener\">Google Chrome<\/a><\/li>\n<li><a href=\"https:\/\/support.mozilla.org\/fr\/kb\/effacer-les-cookies-pour-supprimer-les-information\" target=\"_new\" rel=\"noopener\">Mozilla Firefox<\/a><\/li>\n<li><a href=\"https:\/\/support.apple.com\/fr-fr\/guide\/safari\/sfri11471\/mac\" target=\"_new\" rel=\"noopener\">Safari<\/a><\/li>\n<li><a href=\"https:\/\/support.microsoft.com\/fr-fr\/microsoft-edge\/effacer-les-cookies-dans-microsoft-edge-63947406-40ac-c3b8-57b9-2a946a29ae09\" target=\"_new\" rel=\"noopener\">Microsoft Edge<\/a><\/li>\n<\/ul>\n<\/li>\n<\/ul>\n<\/li>\n<li>\n<p><strong>Via un outil de gestion des cookies<\/strong><\/p>\n<ul>\n<li>Certains sites utilisent des bandeaux ou outils de gestion qui permettent d\u2019accepter, refuser ou personnaliser les cookies directement sur la page.<\/li>\n<\/ul>\n<\/li>\n<li>\n<p><strong>D\u00e9sactiver les cookies tiers<\/strong><\/p>\n<ul>\n<li>Vous pouvez bloquer uniquement les cookies tiers via vos param\u00e8tres ou en utilisant des extensions comme Ghostery ou Privacy Badger.<\/li>\n<\/ul>\n<\/li>\n<\/ol>\n<hr \/>\n<h2><strong>6. Dur\u00e9e de conservation des cookies<\/strong><\/h2>\n<p>Les cookies sont conserv\u00e9s pour une dur\u00e9e maximale de 13 mois, conform\u00e9ment \u00e0 la l\u00e9gislation en vigueur, apr\u00e8s quoi ils sont automatiquement supprim\u00e9s ou renouvel\u00e9s selon votre consentement.<\/p>\n<hr \/>\n<h2><strong>7. Consentement \u00e0 l\u2019utilisation des cookies<\/strong><\/h2>\n<p>En visitant notre site pour la premi\u00e8re fois, un bandeau d\u2019information vous informe de l\u2019utilisation des cookies. Vous avez alors la possibilit\u00e9 d\u2019accepter, de refuser ou de personnaliser vos pr\u00e9f\u00e9rences.<\/p>\n<hr \/>\n<h2><strong>8. Modifications de la politique relative aux cookies<\/strong><\/h2>\n<p>Cette politique peut \u00eatre mise \u00e0 jour \u00e0 tout moment en fonction de l&rsquo;\u00e9volution des lois ou des technologies. Nous vous recommandons de consulter cette page r\u00e9guli\u00e8rement.<\/p>\n<hr \/>\n<h2><strong>9. Contact<\/strong><\/h2>\n<p>Pour toute question relative \u00e0 l\u2019utilisation des cookies sur notre site, vous pouvez nous contacter :<\/p>\n<ul>\n<li><strong>Email :<\/strong> <a rel=\"noopener\">info@cabinetgameiro.fr<\/a><\/li>\n<li><strong>T\u00e9l\u00e9phone :<\/strong> +33 1 80 90 49 00<\/li>\n<\/ul>\t\t\t\t\t\t\t\t<\/div>\n\t\t\t\t<\/div>\n\t\t\t\t\t<\/div>\n\t\t\t\t<\/div>\n\t\t\t\t<\/div>\n\t\t","protected":false},"excerpt":{"rendered":"<p>1. Introduction Le site du Cabinet Gameiro utilise des cookies pour am\u00e9liorer votre exp\u00e9rience de navigation et pour analyser l&rsquo;utilisation du site. Cette politique explique ce que sont les cookies, leur utilit\u00e9, et comment vous pouvez les g\u00e9rer ou les d\u00e9sactiver. 2. Qu\u2019est-ce qu\u2019un cookie ? Un cookie est un petit fichier texte stock\u00e9 sur votre appareil (ordinateur, smartphone, tablette) lors de la visite d\u2019un site web. Ils permettent de conserver des informations sur votre navigation pour personnaliser et am\u00e9liorer votre exp\u00e9rience. 3. Types de cookies utilis\u00e9s Le Cabinet Gameiro utilise les cat\u00e9gories de cookies suivantes : Cookies strictement n\u00e9cessaires Ils sont essentiels au bon fonctionnement du site. Sans eux, certaines fonctionnalit\u00e9s ne seraient pas accessibles (par exemple, la navigation s\u00e9curis\u00e9e). Cookies analytiques et de performance Ces cookies nous aident \u00e0 comprendre comment les visiteurs interagissent avec le site (par exemple, les pages les plus visit\u00e9es). Les donn\u00e9es collect\u00e9es sont anonymes. Cookies fonctionnels Ils permettent de m\u00e9moriser vos choix et pr\u00e9f\u00e9rences (langue, param\u00e8tres de connexion) pour am\u00e9liorer votre exp\u00e9rience utilisateur. Cookies publicitaires et tiers Ces cookies sont utilis\u00e9s pour vous proposer des publicit\u00e9s pertinentes et pour mesurer leur efficacit\u00e9. Le site peut contenir des cookies de tiers (comme des outils de r\u00e9seaux sociaux). 4. Pourquoi utilisons-nous des cookies ? Am\u00e9liorer l\u2019exp\u00e9rience utilisateur. Analyser et optimiser les performances du site. Assurer le bon fonctionnement des services. Personnaliser les contenus et les publicit\u00e9s. 5. Gestion des cookies Vous pouvez g\u00e9rer vos pr\u00e9f\u00e9rences en mati\u00e8re de cookies \u00e0 tout moment : Via les param\u00e8tres de votre navigateur Vous pouvez configurer votre navigateur pour accepter ou refuser les cookies, ou pour \u00eatre alert\u00e9 lorsque des cookies sont d\u00e9pos\u00e9s. Voici des liens vers les guides des navigateurs les plus courants : Google Chrome Mozilla Firefox Safari Microsoft Edge Via un outil de gestion des cookies Certains sites utilisent des bandeaux ou outils de gestion qui permettent d\u2019accepter, refuser ou personnaliser les cookies directement sur la page. D\u00e9sactiver les cookies tiers Vous pouvez bloquer uniquement les cookies tiers via vos param\u00e8tres ou en utilisant des extensions comme Ghostery ou Privacy Badger. 6. Dur\u00e9e de conservation des cookies Les cookies sont conserv\u00e9s pour une dur\u00e9e maximale de 13 mois, conform\u00e9ment \u00e0 la l\u00e9gislation en vigueur, apr\u00e8s quoi ils sont automatiquement supprim\u00e9s ou renouvel\u00e9s selon votre consentement. 7. Consentement \u00e0 l\u2019utilisation des cookies En visitant notre site pour la premi\u00e8re fois, un bandeau d\u2019information vous informe de l\u2019utilisation des cookies. Vous avez alors la possibilit\u00e9 d\u2019accepter, de refuser ou de personnaliser vos pr\u00e9f\u00e9rences. 8. Modifications de la politique relative aux cookies Cette politique peut \u00eatre mise \u00e0 jour \u00e0 tout moment en fonction de l&rsquo;\u00e9volution des lois ou des technologies. Nous vous recommandons de consulter cette page r\u00e9guli\u00e8rement. 9. Contact Pour toute question relative \u00e0 l\u2019utilisation des cookies sur notre site, vous pouvez nous contacter : Email : info@cabinetgameiro.fr T\u00e9l\u00e9phone : +33 1 80 90 49 00<\/p>\n","protected":false},"author":1,"featured_media":0,"parent":0,"menu_order":0,"comment_status":"closed","ping_status":"closed","template":"","meta":{"footnotes":""},"class_list":["post-92958","page","type-page","status-publish","hentry"],"yoast_head":"<!-- This site is optimized with the Yoast SEO plugin v27.4 - https:\/\/yoast.com\/product\/yoast-seo-wordpress\/ -->\n<title>Politique relative aux Cookies - Cabinet gameiro expert comptable<\/title>\n<meta name=\"robots\" content=\"index, follow, max-snippet:-1, max-image-preview:large, max-video-preview:-1\" \/>\n<link rel=\"canonical\" href=\"https:\/\/cabinetgameiro.fr\/index.php\/politique-relative-aux-cookies\/\" \/>\n<meta property=\"og:locale\" content=\"fr_FR\" \/>\n<meta property=\"og:type\" content=\"article\" \/>\n<meta property=\"og:title\" content=\"Politique relative aux Cookies - Cabinet gameiro expert comptable\" \/>\n<meta property=\"og:description\" content=\"1. Introduction Le site du Cabinet Gameiro utilise des cookies pour am\u00e9liorer votre exp\u00e9rience de navigation et pour analyser l&rsquo;utilisation du site. Cette politique explique ce que sont les cookies, leur utilit\u00e9, et comment vous pouvez les g\u00e9rer ou les d\u00e9sactiver. 2. Qu\u2019est-ce qu\u2019un cookie ? Un cookie est un petit fichier texte stock\u00e9 sur votre appareil (ordinateur, smartphone, tablette) lors de la visite d\u2019un site web. Ils permettent de conserver des informations sur votre navigation pour personnaliser et am\u00e9liorer votre exp\u00e9rience. 3. Types de cookies utilis\u00e9s Le Cabinet Gameiro utilise les cat\u00e9gories de cookies suivantes : Cookies strictement n\u00e9cessaires Ils sont essentiels au bon fonctionnement du site. Sans eux, certaines fonctionnalit\u00e9s ne seraient pas accessibles (par exemple, la navigation s\u00e9curis\u00e9e). Cookies analytiques et de performance Ces cookies nous aident \u00e0 comprendre comment les visiteurs interagissent avec le site (par exemple, les pages les plus visit\u00e9es). Les donn\u00e9es collect\u00e9es sont anonymes. Cookies fonctionnels Ils permettent de m\u00e9moriser vos choix et pr\u00e9f\u00e9rences (langue, param\u00e8tres de connexion) pour am\u00e9liorer votre exp\u00e9rience utilisateur. Cookies publicitaires et tiers Ces cookies sont utilis\u00e9s pour vous proposer des publicit\u00e9s pertinentes et pour mesurer leur efficacit\u00e9. Le site peut contenir des cookies de tiers (comme des outils de r\u00e9seaux sociaux). 4. Pourquoi utilisons-nous des cookies ? Am\u00e9liorer l\u2019exp\u00e9rience utilisateur. Analyser et optimiser les performances du site. Assurer le bon fonctionnement des services. Personnaliser les contenus et les publicit\u00e9s. 5. Gestion des cookies Vous pouvez g\u00e9rer vos pr\u00e9f\u00e9rences en mati\u00e8re de cookies \u00e0 tout moment : Via les param\u00e8tres de votre navigateur Vous pouvez configurer votre navigateur pour accepter ou refuser les cookies, ou pour \u00eatre alert\u00e9 lorsque des cookies sont d\u00e9pos\u00e9s. Voici des liens vers les guides des navigateurs les plus courants : Google Chrome Mozilla Firefox Safari Microsoft Edge Via un outil de gestion des cookies Certains sites utilisent des bandeaux ou outils de gestion qui permettent d\u2019accepter, refuser ou personnaliser les cookies directement sur la page. D\u00e9sactiver les cookies tiers Vous pouvez bloquer uniquement les cookies tiers via vos param\u00e8tres ou en utilisant des extensions comme Ghostery ou Privacy Badger. 6. Dur\u00e9e de conservation des cookies Les cookies sont conserv\u00e9s pour une dur\u00e9e maximale de 13 mois, conform\u00e9ment \u00e0 la l\u00e9gislation en vigueur, apr\u00e8s quoi ils sont automatiquement supprim\u00e9s ou renouvel\u00e9s selon votre consentement. 7. Consentement \u00e0 l\u2019utilisation des cookies En visitant notre site pour la premi\u00e8re fois, un bandeau d\u2019information vous informe de l\u2019utilisation des cookies. Vous avez alors la possibilit\u00e9 d\u2019accepter, de refuser ou de personnaliser vos pr\u00e9f\u00e9rences. 8. Modifications de la politique relative aux cookies Cette politique peut \u00eatre mise \u00e0 jour \u00e0 tout moment en fonction de l&rsquo;\u00e9volution des lois ou des technologies. Nous vous recommandons de consulter cette page r\u00e9guli\u00e8rement. 9. Contact Pour toute question relative \u00e0 l\u2019utilisation des cookies sur notre site, vous pouvez nous contacter : Email : info@cabinetgameiro.fr T\u00e9l\u00e9phone : +33 1 80 90 49 00\" \/>\n<meta property=\"og:url\" content=\"https:\/\/cabinetgameiro.fr\/index.php\/politique-relative-aux-cookies\/\" \/>\n<meta property=\"og:site_name\" content=\"Cabinet gameiro expert comptable\" \/>\n<meta property=\"article:modified_time\" content=\"2024-12-09T10:38:59+00:00\" \/>\n<meta name=\"twitter:card\" content=\"summary_large_image\" \/>\n<meta name=\"twitter:label1\" content=\"Dur\u00e9e de lecture estim\u00e9e\" \/>\n\t<meta name=\"twitter:data1\" content=\"3 minutes\" \/>\n<script type=\"application\/ld+json\" class=\"yoast-schema-graph\">{\"@context\":\"https:\\\/\\\/schema.org\",\"@graph\":[{\"@type\":\"WebPage\",\"@id\":\"https:\\\/\\\/cabinetgameiro.fr\\\/index.php\\\/politique-relative-aux-cookies\\\/\",\"url\":\"https:\\\/\\\/cabinetgameiro.fr\\\/index.php\\\/politique-relative-aux-cookies\\\/\",\"name\":\"Politique relative aux Cookies - Cabinet gameiro expert comptable\",\"isPartOf\":{\"@id\":\"https:\\\/\\\/cabinetgameiro.fr\\\/#website\"},\"datePublished\":\"2024-12-09T10:36:46+00:00\",\"dateModified\":\"2024-12-09T10:38:59+00:00\",\"breadcrumb\":{\"@id\":\"https:\\\/\\\/cabinetgameiro.fr\\\/index.php\\\/politique-relative-aux-cookies\\\/#breadcrumb\"},\"inLanguage\":\"fr-FR\",\"potentialAction\":[{\"@type\":\"ReadAction\",\"target\":[\"https:\\\/\\\/cabinetgameiro.fr\\\/index.php\\\/politique-relative-aux-cookies\\\/\"]}]},{\"@type\":\"BreadcrumbList\",\"@id\":\"https:\\\/\\\/cabinetgameiro.fr\\\/index.php\\\/politique-relative-aux-cookies\\\/#breadcrumb\",\"itemListElement\":[{\"@type\":\"ListItem\",\"position\":1,\"name\":\"Accueil\",\"item\":\"https:\\\/\\\/cabinetgameiro.fr\\\/\"},{\"@type\":\"ListItem\",\"position\":2,\"name\":\"Politique relative aux Cookies\"}]},{\"@type\":\"WebSite\",\"@id\":\"https:\\\/\\\/cabinetgameiro.fr\\\/#website\",\"url\":\"https:\\\/\\\/cabinetgameiro.fr\\\/\",\"name\":\"Cabinet gameiro expert comptable\",\"description\":\"\",\"publisher\":{\"@id\":\"https:\\\/\\\/cabinetgameiro.fr\\\/#organization\"},\"potentialAction\":[{\"@type\":\"SearchAction\",\"target\":{\"@type\":\"EntryPoint\",\"urlTemplate\":\"https:\\\/\\\/cabinetgameiro.fr\\\/?s={search_term_string}\"},\"query-input\":{\"@type\":\"PropertyValueSpecification\",\"valueRequired\":true,\"valueName\":\"search_term_string\"}}],\"inLanguage\":\"fr-FR\"},{\"@type\":\"Organization\",\"@id\":\"https:\\\/\\\/cabinetgameiro.fr\\\/#organization\",\"name\":\"Cabinet gameiro expert comptable\",\"url\":\"https:\\\/\\\/cabinetgameiro.fr\\\/\",\"logo\":{\"@type\":\"ImageObject\",\"inLanguage\":\"fr-FR\",\"@id\":\"https:\\\/\\\/cabinetgameiro.fr\\\/#\\\/schema\\\/logo\\\/image\\\/\",\"url\":\"https:\\\/\\\/cabinetgameiro.fr\\\/wp-content\\\/uploads\\\/2024\\\/11\\\/cropped-Logo-Cabinet-Gameiro-carre-noir-720x720-1.png\",\"contentUrl\":\"https:\\\/\\\/cabinetgameiro.fr\\\/wp-content\\\/uploads\\\/2024\\\/11\\\/cropped-Logo-Cabinet-Gameiro-carre-noir-720x720-1.png\",\"width\":512,\"height\":512,\"caption\":\"Cabinet gameiro expert comptable\"},\"image\":{\"@id\":\"https:\\\/\\\/cabinetgameiro.fr\\\/#\\\/schema\\\/logo\\\/image\\\/\"},\"sameAs\":[\"https:\\\/\\\/www.linkedin.com\\\/company\\\/cabinet-gameiro\"]}]}<\/script>\n<!-- \/ Yoast SEO plugin. -->","yoast_head_json":{"title":"Politique relative aux Cookies - Cabinet gameiro expert comptable","robots":{"index":"index","follow":"follow","max-snippet":"max-snippet:-1","max-image-preview":"max-image-preview:large","max-video-preview":"max-video-preview:-1"},"canonical":"https:\/\/cabinetgameiro.fr\/index.php\/politique-relative-aux-cookies\/","og_locale":"fr_FR","og_type":"article","og_title":"Politique relative aux Cookies - Cabinet gameiro expert comptable","og_description":"1. Introduction Le site du Cabinet Gameiro utilise des cookies pour am\u00e9liorer votre exp\u00e9rience de navigation et pour analyser l&rsquo;utilisation du site. Cette politique explique ce que sont les cookies, leur utilit\u00e9, et comment vous pouvez les g\u00e9rer ou les d\u00e9sactiver. 2. Qu\u2019est-ce qu\u2019un cookie ? Un cookie est un petit fichier texte stock\u00e9 sur votre appareil (ordinateur, smartphone, tablette) lors de la visite d\u2019un site web. Ils permettent de conserver des informations sur votre navigation pour personnaliser et am\u00e9liorer votre exp\u00e9rience. 3. Types de cookies utilis\u00e9s Le Cabinet Gameiro utilise les cat\u00e9gories de cookies suivantes : Cookies strictement n\u00e9cessaires Ils sont essentiels au bon fonctionnement du site. Sans eux, certaines fonctionnalit\u00e9s ne seraient pas accessibles (par exemple, la navigation s\u00e9curis\u00e9e). Cookies analytiques et de performance Ces cookies nous aident \u00e0 comprendre comment les visiteurs interagissent avec le site (par exemple, les pages les plus visit\u00e9es). Les donn\u00e9es collect\u00e9es sont anonymes. Cookies fonctionnels Ils permettent de m\u00e9moriser vos choix et pr\u00e9f\u00e9rences (langue, param\u00e8tres de connexion) pour am\u00e9liorer votre exp\u00e9rience utilisateur. Cookies publicitaires et tiers Ces cookies sont utilis\u00e9s pour vous proposer des publicit\u00e9s pertinentes et pour mesurer leur efficacit\u00e9. Le site peut contenir des cookies de tiers (comme des outils de r\u00e9seaux sociaux). 4. Pourquoi utilisons-nous des cookies ? Am\u00e9liorer l\u2019exp\u00e9rience utilisateur. Analyser et optimiser les performances du site. Assurer le bon fonctionnement des services. Personnaliser les contenus et les publicit\u00e9s. 5. Gestion des cookies Vous pouvez g\u00e9rer vos pr\u00e9f\u00e9rences en mati\u00e8re de cookies \u00e0 tout moment : Via les param\u00e8tres de votre navigateur Vous pouvez configurer votre navigateur pour accepter ou refuser les cookies, ou pour \u00eatre alert\u00e9 lorsque des cookies sont d\u00e9pos\u00e9s. Voici des liens vers les guides des navigateurs les plus courants : Google Chrome Mozilla Firefox Safari Microsoft Edge Via un outil de gestion des cookies Certains sites utilisent des bandeaux ou outils de gestion qui permettent d\u2019accepter, refuser ou personnaliser les cookies directement sur la page. D\u00e9sactiver les cookies tiers Vous pouvez bloquer uniquement les cookies tiers via vos param\u00e8tres ou en utilisant des extensions comme Ghostery ou Privacy Badger. 6. Dur\u00e9e de conservation des cookies Les cookies sont conserv\u00e9s pour une dur\u00e9e maximale de 13 mois, conform\u00e9ment \u00e0 la l\u00e9gislation en vigueur, apr\u00e8s quoi ils sont automatiquement supprim\u00e9s ou renouvel\u00e9s selon votre consentement. 7. Consentement \u00e0 l\u2019utilisation des cookies En visitant notre site pour la premi\u00e8re fois, un bandeau d\u2019information vous informe de l\u2019utilisation des cookies. Vous avez alors la possibilit\u00e9 d\u2019accepter, de refuser ou de personnaliser vos pr\u00e9f\u00e9rences. 8. Modifications de la politique relative aux cookies Cette politique peut \u00eatre mise \u00e0 jour \u00e0 tout moment en fonction de l&rsquo;\u00e9volution des lois ou des technologies. Nous vous recommandons de consulter cette page r\u00e9guli\u00e8rement. 9. Contact Pour toute question relative \u00e0 l\u2019utilisation des cookies sur notre site, vous pouvez nous contacter : Email : info@cabinetgameiro.fr T\u00e9l\u00e9phone : +33 1 80 90 49 00","og_url":"https:\/\/cabinetgameiro.fr\/index.php\/politique-relative-aux-cookies\/","og_site_name":"Cabinet gameiro expert comptable","article_modified_time":"2024-12-09T10:38:59+00:00","twitter_card":"summary_large_image","twitter_misc":{"Dur\u00e9e de lecture estim\u00e9e":"3 minutes"},"schema":{"@context":"https:\/\/schema.org","@graph":[{"@type":"WebPage","@id":"https:\/\/cabinetgameiro.fr\/index.php\/politique-relative-aux-cookies\/","url":"https:\/\/cabinetgameiro.fr\/index.php\/politique-relative-aux-cookies\/","name":"Politique relative aux Cookies - Cabinet gameiro expert comptable","isPartOf":{"@id":"https:\/\/cabinetgameiro.fr\/#website"},"datePublished":"2024-12-09T10:36:46+00:00","dateModified":"2024-12-09T10:38:59+00:00","breadcrumb":{"@id":"https:\/\/cabinetgameiro.fr\/index.php\/politique-relative-aux-cookies\/#breadcrumb"},"inLanguage":"fr-FR","potentialAction":[{"@type":"ReadAction","target":["https:\/\/cabinetgameiro.fr\/index.php\/politique-relative-aux-cookies\/"]}]},{"@type":"BreadcrumbList","@id":"https:\/\/cabinetgameiro.fr\/index.php\/politique-relative-aux-cookies\/#breadcrumb","itemListElement":[{"@type":"ListItem","position":1,"name":"Accueil","item":"https:\/\/cabinetgameiro.fr\/"},{"@type":"ListItem","position":2,"name":"Politique relative aux Cookies"}]},{"@type":"WebSite","@id":"https:\/\/cabinetgameiro.fr\/#website","url":"https:\/\/cabinetgameiro.fr\/","name":"Cabinet gameiro expert comptable","description":"","publisher":{"@id":"https:\/\/cabinetgameiro.fr\/#organization"},"potentialAction":[{"@type":"SearchAction","target":{"@type":"EntryPoint","urlTemplate":"https:\/\/cabinetgameiro.fr\/?s={search_term_string}"},"query-input":{"@type":"PropertyValueSpecification","valueRequired":true,"valueName":"search_term_string"}}],"inLanguage":"fr-FR"},{"@type":"Organization","@id":"https:\/\/cabinetgameiro.fr\/#organization","name":"Cabinet gameiro expert comptable","url":"https:\/\/cabinetgameiro.fr\/","logo":{"@type":"ImageObject","inLanguage":"fr-FR","@id":"https:\/\/cabinetgameiro.fr\/#\/schema\/logo\/image\/","url":"https:\/\/cabinetgameiro.fr\/wp-content\/uploads\/2024\/11\/cropped-Logo-Cabinet-Gameiro-carre-noir-720x720-1.png","contentUrl":"https:\/\/cabinetgameiro.fr\/wp-content\/uploads\/2024\/11\/cropped-Logo-Cabinet-Gameiro-carre-noir-720x720-1.png","width":512,"height":512,"caption":"Cabinet gameiro expert comptable"},"image":{"@id":"https:\/\/cabinetgameiro.fr\/#\/schema\/logo\/image\/"},"sameAs":["https:\/\/www.linkedin.com\/company\/cabinet-gameiro"]}]}},"_links":{"self":[{"href":"https:\/\/cabinetgameiro.fr\/index.php\/wp-json\/wp\/v2\/pages\/92958","targetHints":{"allow":["GET"]}}],"collection":[{"href":"https:\/\/cabinetgameiro.fr\/index.php\/wp-json\/wp\/v2\/pages"}],"about":[{"href":"https:\/\/cabinetgameiro.fr\/index.php\/wp-json\/wp\/v2\/types\/page"}],"author":[{"embeddable":true,"href":"https:\/\/cabinetgameiro.fr\/index.php\/wp-json\/wp\/v2\/users\/1"}],"replies":[{"embeddable":true,"href":"https:\/\/cabinetgameiro.fr\/index.php\/wp-json\/wp\/v2\/comments?post=92958"}],"version-history":[{"count":4,"href":"https:\/\/cabinetgameiro.fr\/index.php\/wp-json\/wp\/v2\/pages\/92958\/revisions"}],"predecessor-version":[{"id":92962,"href":"https:\/\/cabinetgameiro.fr\/index.php\/wp-json\/wp\/v2\/pages\/92958\/revisions\/92962"}],"wp:attachment":[{"href":"https:\/\/cabinetgameiro.fr\/index.php\/wp-json\/wp\/v2\/media?parent=92958"}],"curies":[{"name":"wp","href":"https:\/\/api.w.org\/{rel}","templated":true}]}}