{"id":87189,"date":"2024-07-13T10:50:28","date_gmt":"2024-07-13T10:50:28","guid":{"rendered":"https:\/\/wordpress.zozothemes.com\/finxpert\/blog-2-columns-copy\/"},"modified":"2025-01-21T11:47:11","modified_gmt":"2025-01-21T10:47:11","slug":"blog-3-columns","status":"publish","type":"page","link":"https:\/\/cabinetgameiro.fr\/index.php\/blog-3-columns\/","title":{"rendered":"NOS CONSEILS"},"content":{"rendered":"\t\t<div data-elementor-type=\"wp-page\" data-elementor-id=\"87189\" class=\"elementor elementor-87189\">\n\t\t\t\t<div class=\"elementor-element elementor-element-6e5b31a1 e-con-full e-flex wpr-particle-no wpr-jarallax-no wpr-parallax-no wpr-sticky-section-no e-con e-parent\" data-id=\"6e5b31a1\" data-element_type=\"container\" data-e-type=\"container\">\n\t\t<div class=\"elementor-element elementor-element-3d2acf5e e-con-full e-flex wpr-particle-no wpr-jarallax-no wpr-parallax-no wpr-sticky-section-no e-con e-child\" data-id=\"3d2acf5e\" data-element_type=\"container\" data-e-type=\"container\">\n\t\t\t\t<div class=\"elementor-element elementor-element-468e0b2f elementor-invisible elementor-widget elementor-widget-ceaposts\" data-id=\"468e0b2f\" data-element_type=\"widget\" data-e-type=\"widget\" data-settings=\"{&quot;_animation&quot;:&quot;fadeIn&quot;,&quot;_animation_delay&quot;:650}\" data-widget_type=\"ceaposts.default\">\n\t\t\t\t\n\t\t<div class=\"elementor-widget-container blog-wrapper blog-style-classic-pro blog-light blog-normal-model\">\n\t\t\n\t\t\t<div class=\"row\"><div class=\"col-lg-6 col-md-6\"><div class=\"blog-inner\"><div class=\"post-details-outer\"><div class=\"entry-title\"><h3 class=\"post-title-head\"><a href=\"https:\/\/cabinetgameiro.fr\/index.php\/en\/2025\/02\/18\/tax-compliance-examination-ecf-secure-your-business-and-reduce-tax-risks\/\" class=\"post-title\">Tax Compliance Examination (ECF): Secure Your Business and Reduce Tax Risks<\/a><\/h3><\/div><!-- .entry-title --><div class=\"bottom-meta clearfix\"><ul class=\"nav bottom-meta-list meta-left\"><li><div class=\"post-more\"><a href=\"https:\/\/cabinetgameiro.fr\/index.php\/en\/2025\/02\/18\/tax-compliance-examination-ecf-secure-your-business-and-reduce-tax-risks\/\" class=\"read-more elementor-button\">Lire la suite<\/a><\/div><\/li><\/ul><\/div><\/div><!-- .post-details-outer --><\/div><!-- .blog-inner --><\/div><!-- .col \/ .owl-carousel-item \/ .isotope --><div class=\"col-lg-6 col-md-6\"><div class=\"blog-inner\"><div class=\"post-details-outer\"><div class=\"entry-title\"><h3 class=\"post-title-head\"><a href=\"https:\/\/cabinetgameiro.fr\/index.php\/pt\/2025\/02\/18\/exame-de-conformidade-fiscal-ecf-proteja-sua-empresa-e-reduza-os-riscos-fiscais\/\" class=\"post-title\">Exame de Conformidade Fiscal (ECF): Proteja sua empresa e reduza os riscos fiscais<\/a><\/h3><\/div><!-- .entry-title --><div class=\"bottom-meta clearfix\"><ul class=\"nav bottom-meta-list meta-left\"><li><div class=\"post-more\"><a href=\"https:\/\/cabinetgameiro.fr\/index.php\/pt\/2025\/02\/18\/exame-de-conformidade-fiscal-ecf-proteja-sua-empresa-e-reduza-os-riscos-fiscais\/\" class=\"read-more elementor-button\">Lire la suite<\/a><\/div><\/li><\/ul><\/div><\/div><!-- .post-details-outer --><\/div><!-- .blog-inner --><\/div><!-- .col \/ .owl-carousel-item \/ .isotope --><\/div><!-- .row --><div class=\"row\"><div class=\"col-lg-6 col-md-6\"><div class=\"blog-inner\"><div class=\"post-details-outer\"><div class=\"entry-title\"><h3 class=\"post-title-head\"><a href=\"https:\/\/cabinetgameiro.fr\/index.php\/es\/2025\/02\/18\/examen-de-conformidad-fiscal-ecf-asegura-tu-empresa-y-reduce-los-riesgos-fiscales\/\" class=\"post-title\">Examen de Conformidad Fiscal (ECF): Asegura tu empresa y reduce los riesgos fiscales<\/a><\/h3><\/div><!-- .entry-title --><div class=\"bottom-meta clearfix\"><ul class=\"nav bottom-meta-list meta-left\"><li><div class=\"post-more\"><a href=\"https:\/\/cabinetgameiro.fr\/index.php\/es\/2025\/02\/18\/examen-de-conformidad-fiscal-ecf-asegura-tu-empresa-y-reduce-los-riesgos-fiscales\/\" class=\"read-more elementor-button\">Lire la suite<\/a><\/div><\/li><\/ul><\/div><\/div><!-- .post-details-outer --><\/div><!-- .blog-inner --><\/div><!-- .col \/ .owl-carousel-item \/ .isotope --><div class=\"col-lg-6 col-md-6\"><div class=\"blog-inner\"><div class=\"post-details-outer\"><div class=\"entry-title\"><h3 class=\"post-title-head\"><a href=\"https:\/\/cabinetgameiro.fr\/index.php\/it\/2025\/02\/18\/esame-di-conformita-fiscale-ecf-metti-al-sicuro-la-tua-azienda-e-riduci-i-rischi-fiscali\/\" class=\"post-title\">Esame di Conformit\u00e0 Fiscale (ECF): Metti al sicuro la tua azienda e riduci i rischi fiscali<\/a><\/h3><\/div><!-- .entry-title --><div class=\"bottom-meta clearfix\"><ul class=\"nav bottom-meta-list meta-left\"><li><div class=\"post-more\"><a href=\"https:\/\/cabinetgameiro.fr\/index.php\/it\/2025\/02\/18\/esame-di-conformita-fiscale-ecf-metti-al-sicuro-la-tua-azienda-e-riduci-i-rischi-fiscali\/\" class=\"read-more elementor-button\">Lire la suite<\/a><\/div><\/li><\/ul><\/div><\/div><!-- .post-details-outer --><\/div><!-- .blog-inner --><\/div><!-- .col \/ .owl-carousel-item \/ .isotope --><\/div><!-- .row --><div class=\"row\"><div class=\"col-lg-6 col-md-6\"><div class=\"blog-inner\"><div class=\"post-details-outer\"><div class=\"entry-title\"><h3 class=\"post-title-head\"><a href=\"https:\/\/cabinetgameiro.fr\/index.php\/2025\/02\/18\/examen-de-conformite-fiscale-ecf-securisez-votre-entreprise-et-reduisez-les-risques-fiscaux\/\" class=\"post-title\">Examen de Conformit\u00e9 Fiscale (ECF) : S\u00e9curisez votre entreprise et r\u00e9duisez les risques fiscaux<\/a><\/h3><\/div><!-- .entry-title --><div class=\"bottom-meta clearfix\"><ul class=\"nav bottom-meta-list meta-left\"><li><div class=\"post-more\"><a href=\"https:\/\/cabinetgameiro.fr\/index.php\/2025\/02\/18\/examen-de-conformite-fiscale-ecf-securisez-votre-entreprise-et-reduisez-les-risques-fiscaux\/\" class=\"read-more elementor-button\">Lire la suite<\/a><\/div><\/li><\/ul><\/div><\/div><!-- .post-details-outer --><\/div><!-- .blog-inner --><\/div><!-- .col \/ .owl-carousel-item \/ .isotope --><div class=\"col-lg-6 col-md-6\"><div class=\"blog-inner\"><div class=\"post-details-outer\"><div class=\"entry-title\"><h3 class=\"post-title-head\"><a href=\"https:\/\/cabinetgameiro.fr\/index.php\/it\/2025\/02\/06\/capitale-circolante-netto-ccn-e-fabbisogno-di-capitale-circolante-fcc\/\" class=\"post-title\">Capitale Circolante Netto (CCN) e Fabbisogno di Capitale Circolante (FCC)<\/a><\/h3><\/div><!-- .entry-title --><div class=\"bottom-meta clearfix\"><ul class=\"nav bottom-meta-list meta-left\"><li><div class=\"post-more\"><a href=\"https:\/\/cabinetgameiro.fr\/index.php\/it\/2025\/02\/06\/capitale-circolante-netto-ccn-e-fabbisogno-di-capitale-circolante-fcc\/\" class=\"read-more elementor-button\">Lire la suite<\/a><\/div><\/li><\/ul><\/div><\/div><!-- .post-details-outer --><\/div><!-- .blog-inner --><\/div><!-- .col \/ .owl-carousel-item \/ .isotope --><\/div><!-- .row --><div class=\"row\"><div class=\"col-lg-6 col-md-6\"><div class=\"blog-inner\"><div class=\"post-details-outer\"><div class=\"entry-title\"><h3 class=\"post-title-head\"><a href=\"https:\/\/cabinetgameiro.fr\/index.php\/es\/2025\/02\/06\/fondo-de-maniobra-fm-y-necesidad-de-fondo-de-maniobra-nfm\/\" class=\"post-title\">Fondo de Maniobra (FM) y Necesidad de Fondo de Maniobra (NFM)<\/a><\/h3><\/div><!-- .entry-title --><div class=\"bottom-meta clearfix\"><ul class=\"nav bottom-meta-list meta-left\"><li><div class=\"post-more\"><a href=\"https:\/\/cabinetgameiro.fr\/index.php\/es\/2025\/02\/06\/fondo-de-maniobra-fm-y-necesidad-de-fondo-de-maniobra-nfm\/\" class=\"read-more elementor-button\">Lire la suite<\/a><\/div><\/li><\/ul><\/div><\/div><!-- .post-details-outer --><\/div><!-- .blog-inner --><\/div><!-- .col \/ .owl-carousel-item \/ .isotope --><div class=\"col-lg-6 col-md-6\"><div class=\"blog-inner\"><div class=\"post-details-outer\"><div class=\"entry-title\"><h3 class=\"post-title-head\"><a href=\"https:\/\/cabinetgameiro.fr\/index.php\/pt\/2025\/02\/06\/fundo-de-maneio-fr-e-necessidade-de-fundo-de-maneio-bfr\/\" class=\"post-title\">Fundo de Maneio (FR) e Necessidade de Fundo de Maneio (BFR)<\/a><\/h3><\/div><!-- .entry-title --><div class=\"bottom-meta clearfix\"><ul class=\"nav bottom-meta-list meta-left\"><li><div class=\"post-more\"><a href=\"https:\/\/cabinetgameiro.fr\/index.php\/pt\/2025\/02\/06\/fundo-de-maneio-fr-e-necessidade-de-fundo-de-maneio-bfr\/\" class=\"read-more elementor-button\">Lire la suite<\/a><\/div><\/li><\/ul><\/div><\/div><!-- .post-details-outer --><\/div><!-- .blog-inner --><\/div><!-- .col \/ .owl-carousel-item \/ .isotope --><\/div><!-- .row --><div class=\"row\"><div class=\"col-lg-6 col-md-6\"><div class=\"blog-inner\"><div class=\"post-details-outer\"><div class=\"entry-title\"><h3 class=\"post-title-head\"><a href=\"https:\/\/cabinetgameiro.fr\/index.php\/en\/2025\/02\/06\/working-capital-fr-and-working-capital-requirement-bfr\/\" class=\"post-title\">Working Capital (FR) and Working Capital Requirement (BFR)<\/a><\/h3><\/div><!-- .entry-title --><div class=\"bottom-meta clearfix\"><ul class=\"nav bottom-meta-list meta-left\"><li><div class=\"post-more\"><a href=\"https:\/\/cabinetgameiro.fr\/index.php\/en\/2025\/02\/06\/working-capital-fr-and-working-capital-requirement-bfr\/\" class=\"read-more elementor-button\">Lire la suite<\/a><\/div><\/li><\/ul><\/div><\/div><!-- .post-details-outer --><\/div><!-- .blog-inner --><\/div><!-- .col \/ .owl-carousel-item \/ .isotope --><div class=\"col-lg-6 col-md-6\"><div class=\"blog-inner\"><div class=\"post-details-outer\"><div class=\"entry-title\"><h3 class=\"post-title-head\"><a href=\"https:\/\/cabinetgameiro.fr\/index.php\/2025\/02\/06\/fonds-de-roulement-fr-et-besoin-en-fonds-de-roulement-bfr\/\" class=\"post-title\">Fonds de Roulement (FR) et Besoin en Fonds de Roulement (BFR)<\/a><\/h3><\/div><!-- .entry-title --><div class=\"bottom-meta clearfix\"><ul class=\"nav bottom-meta-list meta-left\"><li><div class=\"post-more\"><a href=\"https:\/\/cabinetgameiro.fr\/index.php\/2025\/02\/06\/fonds-de-roulement-fr-et-besoin-en-fonds-de-roulement-bfr\/\" class=\"read-more elementor-button\">Lire la suite<\/a><\/div><\/li><\/ul><\/div><\/div><!-- .post-details-outer --><\/div><!-- .blog-inner --><\/div><!-- .col \/ .owl-carousel-item \/ .isotope --><\/div><!-- .row --><div class=\"row\"><div class=\"col-lg-6 col-md-6\"><div class=\"blog-inner\"><div class=\"post-details-outer\"><div class=\"entry-title\"><h3 class=\"post-title-head\"><a href=\"https:\/\/cabinetgameiro.fr\/index.php\/it\/2025\/01\/21\/il-patto-dutreil-perche-implementare-un-impegno-collettivo-di-conservazione-subito\/\" class=\"post-title\">Il Patto Dutreil: Perch\u00e9 Implementare un Impegno Collettivo di Conservazione Subito?<\/a><\/h3><\/div><!-- .entry-title --><div class=\"bottom-meta clearfix\"><ul class=\"nav bottom-meta-list meta-left\"><li><div class=\"post-more\"><a href=\"https:\/\/cabinetgameiro.fr\/index.php\/it\/2025\/01\/21\/il-patto-dutreil-perche-implementare-un-impegno-collettivo-di-conservazione-subito\/\" class=\"read-more elementor-button\">Lire la suite<\/a><\/div><\/li><\/ul><\/div><\/div><!-- .post-details-outer --><\/div><!-- .blog-inner --><\/div><!-- .col \/ .owl-carousel-item \/ .isotope --><div class=\"col-lg-6 col-md-6\"><div class=\"blog-inner\"><div class=\"post-details-outer\"><div class=\"entry-title\"><h3 class=\"post-title-head\"><a href=\"https:\/\/cabinetgameiro.fr\/index.php\/es\/2025\/01\/21\/el-pacto-dutreil-por-que-implementar-un-compromiso-colectivo-de-conservacion-ahora\/\" class=\"post-title\">El Pacto Dutreil: \u00bfPor Qu\u00e9 Implementar un Compromiso Colectivo de Conservaci\u00f3n Ahora?<\/a><\/h3><\/div><!-- .entry-title --><div class=\"bottom-meta clearfix\"><ul class=\"nav bottom-meta-list meta-left\"><li><div class=\"post-more\"><a href=\"https:\/\/cabinetgameiro.fr\/index.php\/es\/2025\/01\/21\/el-pacto-dutreil-por-que-implementar-un-compromiso-colectivo-de-conservacion-ahora\/\" class=\"read-more elementor-button\">Lire la suite<\/a><\/div><\/li><\/ul><\/div><\/div><!-- .post-details-outer --><\/div><!-- .blog-inner --><\/div><!-- .col \/ .owl-carousel-item \/ .isotope --><\/div><!-- .row --><div class=\"row\"><div class=\"col-lg-6 col-md-6\"><div class=\"blog-inner\"><div class=\"post-details-outer\"><div class=\"entry-title\"><h3 class=\"post-title-head\"><a href=\"https:\/\/cabinetgameiro.fr\/index.php\/pt\/2025\/01\/21\/o-pacto-dutreil-por-que-implementar-um-compromisso-coletivo-de-conservacao-agora\/\" class=\"post-title\">O Pacto Dutreil: Por Que Implementar um Compromisso Coletivo de Conserva\u00e7\u00e3o Agora?<\/a><\/h3><\/div><!-- .entry-title --><div class=\"bottom-meta clearfix\"><ul class=\"nav bottom-meta-list meta-left\"><li><div class=\"post-more\"><a href=\"https:\/\/cabinetgameiro.fr\/index.php\/pt\/2025\/01\/21\/o-pacto-dutreil-por-que-implementar-um-compromisso-coletivo-de-conservacao-agora\/\" class=\"read-more elementor-button\">Lire la suite<\/a><\/div><\/li><\/ul><\/div><\/div><!-- .post-details-outer --><\/div><!-- .blog-inner --><\/div><!-- .col \/ .owl-carousel-item \/ .isotope --><div class=\"col-lg-6 col-md-6\"><div class=\"blog-inner\"><div class=\"post-details-outer\"><div class=\"entry-title\"><h3 class=\"post-title-head\"><a href=\"https:\/\/cabinetgameiro.fr\/index.php\/en\/2025\/01\/21\/the-dutreil-pact-why-set-up-a-collective-conservation-agreement-now\/\" class=\"post-title\">The Dutreil Pact: Why Set Up a Collective Conservation Agreement Now?<\/a><\/h3><\/div><!-- .entry-title --><div class=\"bottom-meta clearfix\"><ul class=\"nav bottom-meta-list meta-left\"><li><div class=\"post-more\"><a href=\"https:\/\/cabinetgameiro.fr\/index.php\/en\/2025\/01\/21\/the-dutreil-pact-why-set-up-a-collective-conservation-agreement-now\/\" class=\"read-more elementor-button\">Lire la suite<\/a><\/div><\/li><\/ul><\/div><\/div><!-- .post-details-outer --><\/div><!-- .blog-inner --><\/div><!-- .col \/ .owl-carousel-item \/ .isotope --><\/div><!-- .row --><div class=\"row\"><div class=\"col-lg-6 col-md-6\"><div class=\"blog-inner\"><div class=\"post-details-outer\"><div class=\"entry-title\"><h3 class=\"post-title-head\"><a href=\"https:\/\/cabinetgameiro.fr\/index.php\/2025\/01\/21\/le-pacte-dutreil-pourquoi-mettre-en-place-un-engagement-collectif-de-conservation-des-maintenant\/\" class=\"post-title\">Le Pacte Dutreil : pourquoi mettre en place un engagement collectif de conservation d\u00e8s maintenant ?<\/a><\/h3><\/div><!-- .entry-title --><div class=\"bottom-meta clearfix\"><ul class=\"nav bottom-meta-list meta-left\"><li><div class=\"post-more\"><a href=\"https:\/\/cabinetgameiro.fr\/index.php\/2025\/01\/21\/le-pacte-dutreil-pourquoi-mettre-en-place-un-engagement-collectif-de-conservation-des-maintenant\/\" class=\"read-more elementor-button\">Lire la suite<\/a><\/div><\/li><\/ul><\/div><\/div><!-- .post-details-outer --><\/div><!-- .blog-inner --><\/div><!-- .col \/ .owl-carousel-item \/ .isotope --><div class=\"col-lg-6 col-md-6\"><div class=\"blog-inner\"><div class=\"post-details-outer\"><div class=\"entry-title\"><h3 class=\"post-title-head\"><a href=\"https:\/\/cabinetgameiro.fr\/index.php\/it\/2025\/01\/21\/capitale-sociale-una-decisione-strategica-per-la-tua-impresa\/\" class=\"post-title\">Capitale Sociale: Una Decisione Strategica per la Tua Impresa<\/a><\/h3><\/div><!-- .entry-title --><div class=\"bottom-meta clearfix\"><ul class=\"nav bottom-meta-list meta-left\"><li><div class=\"post-more\"><a href=\"https:\/\/cabinetgameiro.fr\/index.php\/it\/2025\/01\/21\/capitale-sociale-una-decisione-strategica-per-la-tua-impresa\/\" class=\"read-more elementor-button\">Lire la suite<\/a><\/div><\/li><\/ul><\/div><\/div><!-- .post-details-outer --><\/div><!-- .blog-inner --><\/div><!-- .col \/ .owl-carousel-item \/ .isotope --><\/div><!-- .row --><div class=\"row\"><div class=\"col-lg-6 col-md-6\"><div class=\"blog-inner\"><div class=\"post-details-outer\"><div class=\"entry-title\"><h3 class=\"post-title-head\"><a href=\"https:\/\/cabinetgameiro.fr\/index.php\/it\/2025\/01\/21\/capitale-sociale-una-decisione-strategica-per-la-tua-azienda\/\" class=\"post-title\">Capitale Sociale: Una Decisione Strategica per la Tua Azienda<\/a><\/h3><\/div><!-- .entry-title --><div class=\"bottom-meta clearfix\"><ul class=\"nav bottom-meta-list meta-left\"><li><div class=\"post-more\"><a href=\"https:\/\/cabinetgameiro.fr\/index.php\/it\/2025\/01\/21\/capitale-sociale-una-decisione-strategica-per-la-tua-azienda\/\" class=\"read-more elementor-button\">Lire la suite<\/a><\/div><\/li><\/ul><\/div><\/div><!-- .post-details-outer --><\/div><!-- .blog-inner --><\/div><!-- .col \/ .owl-carousel-item \/ .isotope --><div class=\"col-lg-6 col-md-6\"><div class=\"blog-inner\"><div class=\"post-details-outer\"><div class=\"entry-title\"><h3 class=\"post-title-head\"><a href=\"https:\/\/cabinetgameiro.fr\/index.php\/es\/2025\/01\/21\/capital-social-una-decision-estrategica-para-su-empresa\/\" class=\"post-title\">Capital Social: Una Decisi\u00f3n Estrat\u00e9gica para Su Empresa<\/a><\/h3><\/div><!-- .entry-title --><div class=\"bottom-meta clearfix\"><ul class=\"nav bottom-meta-list meta-left\"><li><div class=\"post-more\"><a href=\"https:\/\/cabinetgameiro.fr\/index.php\/es\/2025\/01\/21\/capital-social-una-decision-estrategica-para-su-empresa\/\" class=\"read-more elementor-button\">Lire la suite<\/a><\/div><\/li><\/ul><\/div><\/div><!-- .post-details-outer --><\/div><!-- .blog-inner --><\/div><!-- .col \/ .owl-carousel-item \/ .isotope --><\/div><!-- .row --><div class=\"row\"><div class=\"col-lg-6 col-md-6\"><div class=\"blog-inner\"><div class=\"post-details-outer\"><div class=\"entry-title\"><h3 class=\"post-title-head\"><a href=\"https:\/\/cabinetgameiro.fr\/index.php\/pt\/2025\/01\/21\/capital-social-uma-decisao-estrategica-para-o-seu-negocio\/\" class=\"post-title\">Capital Social: Uma Decis\u00e3o Estrat\u00e9gica para o Seu Neg\u00f3cio<\/a><\/h3><\/div><!-- .entry-title --><div class=\"bottom-meta clearfix\"><ul class=\"nav bottom-meta-list meta-left\"><li><div class=\"post-more\"><a href=\"https:\/\/cabinetgameiro.fr\/index.php\/pt\/2025\/01\/21\/capital-social-uma-decisao-estrategica-para-o-seu-negocio\/\" class=\"read-more elementor-button\">Lire la suite<\/a><\/div><\/li><\/ul><\/div><\/div><!-- .post-details-outer --><\/div><!-- .blog-inner --><\/div><!-- .col \/ .owl-carousel-item \/ .isotope --><div class=\"col-lg-6 col-md-6\"><div class=\"blog-inner\"><div class=\"post-details-outer\"><div class=\"entry-title\"><h3 class=\"post-title-head\"><a href=\"https:\/\/cabinetgameiro.fr\/index.php\/en\/2025\/01\/21\/share-capital-a-strategic-decision-for-your-business\/\" class=\"post-title\">Share Capital: A Strategic Decision for Your Business<\/a><\/h3><\/div><!-- .entry-title --><div class=\"bottom-meta clearfix\"><ul class=\"nav bottom-meta-list meta-left\"><li><div class=\"post-more\"><a href=\"https:\/\/cabinetgameiro.fr\/index.php\/en\/2025\/01\/21\/share-capital-a-strategic-decision-for-your-business\/\" class=\"read-more elementor-button\">Lire la suite<\/a><\/div><\/li><\/ul><\/div><\/div><!-- .post-details-outer --><\/div><!-- .blog-inner --><\/div><!-- .col \/ .owl-carousel-item \/ .isotope --><\/div><!-- .row -->\t\t\t\n\t\t<\/div>\n\t\t\t\t<\/div>\n\t\t\t\t<\/div>\n\t\t\t\t<\/div>\n\t\t\t\t<\/div>\n\t\t","protected":false},"excerpt":{"rendered":"<p>Il Patto Dutreil: Perch\u00e9 Implementare un Impegno Collettivo di Conservazione Subito? Lire la suite El..<\/p>\n","protected":false},"author":1,"featured_media":0,"parent":0,"menu_order":0,"comment_status":"closed","ping_status":"closed","template":"","meta":{"footnotes":""},"class_list":["post-87189","page","type-page","status-publish","hentry"],"yoast_head":"<!-- This site is optimized with the Yoast SEO plugin v27.3 - https:\/\/yoast.com\/product\/yoast-seo-wordpress\/ -->\n<title>NOS CONSEILS - Cabinet gameiro expert comptable<\/title>\n<meta name=\"robots\" content=\"index, follow, max-snippet:-1, max-image-preview:large, max-video-preview:-1\" \/>\n<link rel=\"canonical\" href=\"https:\/\/cabinetgameiro.fr\/index.php\/blog-3-columns\/\" \/>\n<meta property=\"og:locale\" content=\"fr_FR\" \/>\n<meta property=\"og:type\" content=\"article\" \/>\n<meta property=\"og:title\" content=\"NOS CONSEILS - Cabinet gameiro expert comptable\" \/>\n<meta property=\"og:description\" content=\"Il Patto Dutreil: Perch\u00e9 Implementare un Impegno Collettivo di Conservazione Subito? Lire la suite El..\" \/>\n<meta property=\"og:url\" content=\"https:\/\/cabinetgameiro.fr\/index.php\/blog-3-columns\/\" \/>\n<meta property=\"og:site_name\" content=\"Cabinet gameiro expert comptable\" \/>\n<meta property=\"article:modified_time\" content=\"2025-01-21T10:47:11+00:00\" \/>\n<meta name=\"twitter:card\" content=\"summary_large_image\" \/>\n<meta name=\"twitter:label1\" content=\"Dur\u00e9e de lecture estim\u00e9e\" \/>\n\t<meta name=\"twitter:data1\" content=\"2 minutes\" \/>\n<script type=\"application\/ld+json\" class=\"yoast-schema-graph\">{\"@context\":\"https:\\\/\\\/schema.org\",\"@graph\":[{\"@type\":\"WebPage\",\"@id\":\"https:\\\/\\\/cabinetgameiro.fr\\\/index.php\\\/blog-3-columns\\\/\",\"url\":\"https:\\\/\\\/cabinetgameiro.fr\\\/index.php\\\/blog-3-columns\\\/\",\"name\":\"NOS CONSEILS - Cabinet gameiro expert comptable\",\"isPartOf\":{\"@id\":\"https:\\\/\\\/cabinetgameiro.fr\\\/#website\"},\"datePublished\":\"2024-07-13T10:50:28+00:00\",\"dateModified\":\"2025-01-21T10:47:11+00:00\",\"breadcrumb\":{\"@id\":\"https:\\\/\\\/cabinetgameiro.fr\\\/index.php\\\/blog-3-columns\\\/#breadcrumb\"},\"inLanguage\":\"fr-FR\",\"potentialAction\":[{\"@type\":\"ReadAction\",\"target\":[\"https:\\\/\\\/cabinetgameiro.fr\\\/index.php\\\/blog-3-columns\\\/\"]}]},{\"@type\":\"BreadcrumbList\",\"@id\":\"https:\\\/\\\/cabinetgameiro.fr\\\/index.php\\\/blog-3-columns\\\/#breadcrumb\",\"itemListElement\":[{\"@type\":\"ListItem\",\"position\":1,\"name\":\"Accueil\",\"item\":\"https:\\\/\\\/cabinetgameiro.fr\\\/\"},{\"@type\":\"ListItem\",\"position\":2,\"name\":\"NOS CONSEILS\"}]},{\"@type\":\"WebSite\",\"@id\":\"https:\\\/\\\/cabinetgameiro.fr\\\/#website\",\"url\":\"https:\\\/\\\/cabinetgameiro.fr\\\/\",\"name\":\"Cabinet gameiro expert comptable\",\"description\":\"\",\"publisher\":{\"@id\":\"https:\\\/\\\/cabinetgameiro.fr\\\/#organization\"},\"potentialAction\":[{\"@type\":\"SearchAction\",\"target\":{\"@type\":\"EntryPoint\",\"urlTemplate\":\"https:\\\/\\\/cabinetgameiro.fr\\\/?s={search_term_string}\"},\"query-input\":{\"@type\":\"PropertyValueSpecification\",\"valueRequired\":true,\"valueName\":\"search_term_string\"}}],\"inLanguage\":\"fr-FR\"},{\"@type\":\"Organization\",\"@id\":\"https:\\\/\\\/cabinetgameiro.fr\\\/#organization\",\"name\":\"Cabinet gameiro expert comptable\",\"url\":\"https:\\\/\\\/cabinetgameiro.fr\\\/\",\"logo\":{\"@type\":\"ImageObject\",\"inLanguage\":\"fr-FR\",\"@id\":\"https:\\\/\\\/cabinetgameiro.fr\\\/#\\\/schema\\\/logo\\\/image\\\/\",\"url\":\"https:\\\/\\\/cabinetgameiro.fr\\\/wp-content\\\/uploads\\\/2024\\\/11\\\/cropped-Logo-Cabinet-Gameiro-carre-noir-720x720-1.png\",\"contentUrl\":\"https:\\\/\\\/cabinetgameiro.fr\\\/wp-content\\\/uploads\\\/2024\\\/11\\\/cropped-Logo-Cabinet-Gameiro-carre-noir-720x720-1.png\",\"width\":512,\"height\":512,\"caption\":\"Cabinet gameiro expert comptable\"},\"image\":{\"@id\":\"https:\\\/\\\/cabinetgameiro.fr\\\/#\\\/schema\\\/logo\\\/image\\\/\"},\"sameAs\":[\"https:\\\/\\\/www.linkedin.com\\\/company\\\/cabinet-gameiro\"]}]}<\/script>\n<!-- \/ Yoast SEO plugin. -->","yoast_head_json":{"title":"NOS CONSEILS - Cabinet gameiro expert comptable","robots":{"index":"index","follow":"follow","max-snippet":"max-snippet:-1","max-image-preview":"max-image-preview:large","max-video-preview":"max-video-preview:-1"},"canonical":"https:\/\/cabinetgameiro.fr\/index.php\/blog-3-columns\/","og_locale":"fr_FR","og_type":"article","og_title":"NOS CONSEILS - Cabinet gameiro expert comptable","og_description":"Il Patto Dutreil: Perch\u00e9 Implementare un Impegno Collettivo di Conservazione Subito? Lire la suite El..","og_url":"https:\/\/cabinetgameiro.fr\/index.php\/blog-3-columns\/","og_site_name":"Cabinet gameiro expert comptable","article_modified_time":"2025-01-21T10:47:11+00:00","twitter_card":"summary_large_image","twitter_misc":{"Dur\u00e9e de lecture estim\u00e9e":"2 minutes"},"schema":{"@context":"https:\/\/schema.org","@graph":[{"@type":"WebPage","@id":"https:\/\/cabinetgameiro.fr\/index.php\/blog-3-columns\/","url":"https:\/\/cabinetgameiro.fr\/index.php\/blog-3-columns\/","name":"NOS CONSEILS - Cabinet gameiro expert comptable","isPartOf":{"@id":"https:\/\/cabinetgameiro.fr\/#website"},"datePublished":"2024-07-13T10:50:28+00:00","dateModified":"2025-01-21T10:47:11+00:00","breadcrumb":{"@id":"https:\/\/cabinetgameiro.fr\/index.php\/blog-3-columns\/#breadcrumb"},"inLanguage":"fr-FR","potentialAction":[{"@type":"ReadAction","target":["https:\/\/cabinetgameiro.fr\/index.php\/blog-3-columns\/"]}]},{"@type":"BreadcrumbList","@id":"https:\/\/cabinetgameiro.fr\/index.php\/blog-3-columns\/#breadcrumb","itemListElement":[{"@type":"ListItem","position":1,"name":"Accueil","item":"https:\/\/cabinetgameiro.fr\/"},{"@type":"ListItem","position":2,"name":"NOS CONSEILS"}]},{"@type":"WebSite","@id":"https:\/\/cabinetgameiro.fr\/#website","url":"https:\/\/cabinetgameiro.fr\/","name":"Cabinet gameiro expert comptable","description":"","publisher":{"@id":"https:\/\/cabinetgameiro.fr\/#organization"},"potentialAction":[{"@type":"SearchAction","target":{"@type":"EntryPoint","urlTemplate":"https:\/\/cabinetgameiro.fr\/?s={search_term_string}"},"query-input":{"@type":"PropertyValueSpecification","valueRequired":true,"valueName":"search_term_string"}}],"inLanguage":"fr-FR"},{"@type":"Organization","@id":"https:\/\/cabinetgameiro.fr\/#organization","name":"Cabinet gameiro expert comptable","url":"https:\/\/cabinetgameiro.fr\/","logo":{"@type":"ImageObject","inLanguage":"fr-FR","@id":"https:\/\/cabinetgameiro.fr\/#\/schema\/logo\/image\/","url":"https:\/\/cabinetgameiro.fr\/wp-content\/uploads\/2024\/11\/cropped-Logo-Cabinet-Gameiro-carre-noir-720x720-1.png","contentUrl":"https:\/\/cabinetgameiro.fr\/wp-content\/uploads\/2024\/11\/cropped-Logo-Cabinet-Gameiro-carre-noir-720x720-1.png","width":512,"height":512,"caption":"Cabinet gameiro expert comptable"},"image":{"@id":"https:\/\/cabinetgameiro.fr\/#\/schema\/logo\/image\/"},"sameAs":["https:\/\/www.linkedin.com\/company\/cabinet-gameiro"]}]}},"_links":{"self":[{"href":"https:\/\/cabinetgameiro.fr\/index.php\/wp-json\/wp\/v2\/pages\/87189","targetHints":{"allow":["GET"]}}],"collection":[{"href":"https:\/\/cabinetgameiro.fr\/index.php\/wp-json\/wp\/v2\/pages"}],"about":[{"href":"https:\/\/cabinetgameiro.fr\/index.php\/wp-json\/wp\/v2\/types\/page"}],"author":[{"embeddable":true,"href":"https:\/\/cabinetgameiro.fr\/index.php\/wp-json\/wp\/v2\/users\/1"}],"replies":[{"embeddable":true,"href":"https:\/\/cabinetgameiro.fr\/index.php\/wp-json\/wp\/v2\/comments?post=87189"}],"version-history":[{"count":24,"href":"https:\/\/cabinetgameiro.fr\/index.php\/wp-json\/wp\/v2\/pages\/87189\/revisions"}],"predecessor-version":[{"id":94589,"href":"https:\/\/cabinetgameiro.fr\/index.php\/wp-json\/wp\/v2\/pages\/87189\/revisions\/94589"}],"wp:attachment":[{"href":"https:\/\/cabinetgameiro.fr\/index.php\/wp-json\/wp\/v2\/media?parent=87189"}],"curies":[{"name":"wp","href":"https:\/\/api.w.org\/{rel}","templated":true}]}}